
{"id":31,"date":"2022-12-27T20:52:49","date_gmt":"2022-12-27T20:52:49","guid":{"rendered":"https:\/\/smartsaleerp.com\/?post_type=product&#038;p=31"},"modified":"2024-12-30T15:43:50","modified_gmt":"2024-12-30T15:43:50","slug":"15-touch-screen-pos-system","status":"publish","type":"product","link":"https:\/\/smartsaleerp.com\/fr\/produit\/15-touch-screen-pos-system\/","title":{"rendered":"Syst\u00e8me de point de vente \u00e0 \u00e9cran tactile 15\u2033"},"content":{"rendered":"<p><span data-spm-anchor-id=\"a2700.details.0.i6.3ee4999cLfRRSN\">DLSUM-TB1 est un beau terminal pos con\u00e7u. Il utilise le large \u00e9cran tactile PCAP True-flat \u00e0 la mode et un processeur Intel i3\/i5\/i7 hautes performances. Imprimante thermique 58\/80 mm int\u00e9gr\u00e9e, scanner 1D\/2D, WIFI, MSR en option.<\/span><\/p>\n<p>15,6 pouces, bel \u00e9cran tactile large et plat PCAP<\/p>\n<p>Imprimante thermique de r\u00e9ception int\u00e9gr\u00e9e de 58\/80 mm en option<\/p>\n<p>Design simple et raffin\u00e9<\/p>\n<p>Faible consommation d&#039;\u00e9nergie, faible bruit et faible chaleur<\/p>\n<p>Prend en charge Intel J1800\/J1900\/i3\/i5\/i7 hautes performances<\/p>\n<p>Entretien et r\u00e9paration faciles<\/p>\n<p>&nbsp;<\/p>\n<p><strong><span data-spm-anchor-id=\"a2700.details.0.i9.3ee4999cLfRRSN\">Param\u00e8tre de d\u00e9tail<\/span><\/strong><\/p>\n<table border=\"1\" cellspacing=\"0\">\n<tbody>\n<tr>\n<td valign=\"top\"><strong>Article<\/strong><\/td>\n<td valign=\"top\"><strong>les fen\u00eatres<\/strong><\/td>\n<\/tr>\n<tr>\n<td valign=\"top\"><strong>Couleur<\/strong><\/td>\n<td valign=\"top\">Noir, blanc, noir + orange<\/td>\n<\/tr>\n<tr>\n<td valign=\"top\">CPU<\/td>\n<td valign=\"top\">Celeron J1800\/J1900, Intel Core i3\/i5\/i7<\/td>\n<\/tr>\n<tr>\n<td valign=\"top\">M\u00e9moire<\/td>\n<td valign=\"top\">2 Go \/ 4 Go \/ 8 Go \/ 16 Go de RAM DDR3<\/td>\n<\/tr>\n<tr>\n<td valign=\"top\">Stockage<\/td>\n<td valign=\"top\">32 Go \/ 64 Go \/ 128 Go \/ 256 Go MSATA<\/td>\n<\/tr>\n<tr>\n<td valign=\"top\">SE<\/td>\n<td valign=\"top\">Windows 7\/8\/10, Andro\u00efd, Linux<\/td>\n<\/tr>\n<tr>\n<td valign=\"top\">Taille<\/td>\n<td valign=\"top\">DEL de 15,6 pouces<\/td>\n<\/tr>\n<tr>\n<td valign=\"top\">Luminosit\u00e9<\/td>\n<td valign=\"top\">\u2265250cd\/m\u00b2<\/td>\n<\/tr>\n<tr>\n<td valign=\"top\">R\u00e9solution<\/td>\n<td valign=\"top\">1024*768<\/td>\n<\/tr>\n<tr>\n<td valign=\"top\">\u00c9cran tactile<\/td>\n<td valign=\"top\">Tactile multipoint capacitif<\/td>\n<\/tr>\n<tr>\n<td valign=\"top\">Affichage client<\/td>\n<td valign=\"top\">LED 8 bits \/ VFD<\/td>\n<\/tr>\n<tr>\n<td valign=\"top\">Saisir<\/td>\n<td valign=\"top\">110-240 VCA 50-60 Hz)<\/td>\n<\/tr>\n<tr>\n<td valign=\"top\">Sortir<\/td>\n<td valign=\"top\">CC 12V 5A<\/td>\n<\/tr>\n<tr>\n<td valign=\"top\">Temp\u00e9rature de fonctionnement<\/td>\n<td valign=\"top\">0\u2103 \u00e0 40\u2103<\/td>\n<\/tr>\n<tr>\n<td valign=\"top\">Temp\u00e9rature de stockage<\/td>\n<td valign=\"top\">-10\u2103 \u00e0 60\u2103<\/td>\n<\/tr>\n<tr>\n<td valign=\"top\"><strong>Ports d&#039;E\/S<\/strong><\/td>\n<td valign=\"top\">6 x USB (4 arri\u00e8re + 2 lat\u00e9raux), 1 x RJ45, 1 x VGA, 2 x PS (1\/clavier, 1\/souris), 1 x COM, 1 x LPT, 2 x audio (1 x entr\u00e9e audio, 1 x sortie audio)<\/td>\n<\/tr>\n<tr>\n<td valign=\"top\">WIFI<\/td>\n<td valign=\"top\">Prise en charge 802.11 \/b\/g\/n 2.4\/5G (facultatif)<\/td>\n<\/tr>\n<tr>\n<td valign=\"top\">Haut-parleur plus fort<\/td>\n<td valign=\"top\">3W*2 (Facultatif)<\/td>\n<\/tr>\n<\/tbody>\n<\/table>","protected":false},"excerpt":{"rendered":"<p data-spm-anchor-id=\"a2700.details.0.i1.3ee4999cLfRRSN\">Syst\u00e8me de point de vente \u00e0 \u00e9cran tactile 15\u2033 Terminal de point de vente Windows tout-en-un avec imprimante thermique de 80 mm pour restaurant et vente au d\u00e9tail<span id=\"title-tag\"><\/span><\/p>","protected":false},"featured_media":834,"comment_status":"open","ping_status":"closed","template":"","meta":[],"product_brand":[],"product_cat":[26],"product_tag":[],"class_list":{"0":"post-31","1":"product","2":"type-product","3":"status-publish","4":"has-post-thumbnail","6":"product_cat-pos-machine","8":"first","9":"instock","10":"sale","11":"shipping-taxable","12":"purchasable","13":"product-type-simple"},"_links":{"self":[{"href":"https:\/\/smartsaleerp.com\/fr\/wp-json\/wp\/v2\/product\/31","targetHints":{"allow":["GET"]}}],"collection":[{"href":"https:\/\/smartsaleerp.com\/fr\/wp-json\/wp\/v2\/product"}],"about":[{"href":"https:\/\/smartsaleerp.com\/fr\/wp-json\/wp\/v2\/types\/product"}],"replies":[{"embeddable":true,"href":"https:\/\/smartsaleerp.com\/fr\/wp-json\/wp\/v2\/comments?post=31"}],"wp:featuredmedia":[{"embeddable":true,"href":"https:\/\/smartsaleerp.com\/fr\/wp-json\/wp\/v2\/media\/834"}],"wp:attachment":[{"href":"https:\/\/smartsaleerp.com\/fr\/wp-json\/wp\/v2\/media?parent=31"}],"wp:term":[{"taxonomy":"product_brand","embeddable":true,"href":"https:\/\/smartsaleerp.com\/fr\/wp-json\/wp\/v2\/product_brand?post=31"},{"taxonomy":"product_cat","embeddable":true,"href":"https:\/\/smartsaleerp.com\/fr\/wp-json\/wp\/v2\/product_cat?post=31"},{"taxonomy":"product_tag","embeddable":true,"href":"https:\/\/smartsaleerp.com\/fr\/wp-json\/wp\/v2\/product_tag?post=31"}],"curies":[{"name":"wp","href":"https:\/\/api.w.org\/{rel}","templated":true}]}}