
{"id":29,"date":"2022-12-27T20:52:45","date_gmt":"2022-12-27T20:52:45","guid":{"rendered":"https:\/\/smartsaleerp.com\/?post_type=product&#038;p=29"},"modified":"2025-06-17T06:15:17","modified_gmt":"2025-06-17T06:15:17","slug":"android-pos-machine","status":"publish","type":"product","link":"https:\/\/smartsaleerp.com\/fr\/produit\/android-pos-machine\/","title":{"rendered":"Handheld POS Terminal (Android)"},"content":{"rendered":"<div class=\"et_pb_column et_pb_column_1_2 et_pb_column_15 et_pb_css_mix_blend_mode_passthrough\">\n<div class=\"et_pb_module et_pb_text et_pb_text_10 et_pb_bg_layout_light et_pb_text_align_left\">\n<div class=\"et_pb_text_inner\">\n<p>Une machine de point de vente Android avec une imprimante int\u00e9gr\u00e9e, un produit de Pragaria Advisory Private Ltd bas\u00e9 \u00e0 Mumbai.<\/p>\n<p>Tout d&#039;abord, cette machine de point de vente Android est un appareil tout-en-un avec imprimante thermique, appareil photo, ports externes, lecteur de carte, ce qui en fait la machine de point de vente Android pr\u00e9f\u00e9r\u00e9e. De plus, il s&#039;agit d&#039;un appareil portable car il est de petite taille avec un \u00e9cran de 5,5 pouces. La caract\u00e9ristique la plus remarquable est que ces machines de point de vente Android pr\u00e9sentent des performances durables et se chargent rapidement. Il offre \u00e9galement une connectivit\u00e9 sans fin de Bluetooth, WIFI, 3G et 4G.<\/p>\n<\/div>\n<p>&nbsp;<\/p>\n<h3>Avantages du terminal Pos portable 4G de 5,5 pouces<\/h3>\n<ol>\n<li>Acc\u00e8s rapide \u00e0 l&#039;interface de num\u00e9risation via le bouton du lecteur de code-barres sur la droite.<\/li>\n<li>R\u00e9seau 4G en option.<\/li>\n<li>Conception de brevet originale.<\/li>\n<li>Le processeur est MT8765 Quad core Cortex A53 1,5 GHz, le syst\u00e8me fonctionne correctement et l&#039;exp\u00e9rience de fonctionnement est bonne.<\/li>\n<li>RAM DDR3 2G+16G.<\/li>\n<\/ol>\n<p>&nbsp;<\/p>\n<\/div>\n<\/div>\n<div class=\"et_pb_module et_pb_image et_pb_image_5\"><span class=\"et_pb_image_wrap\"><img fetchpriority=\"high\" decoding=\"async\" class=\"alignnone size-medium wp-image-830\" src=\"https:\/\/smartsaleerp.com\/wp-content\/uploads\/2022\/12\/Android-Pos-Machine-1-300x300.jpg\" alt=\"\" width=\"300\" height=\"300\" srcset=\"https:\/\/smartsaleerp.com\/wp-content\/uploads\/2022\/12\/Android-Pos-Machine-1-300x300.jpg 300w, https:\/\/smartsaleerp.com\/wp-content\/uploads\/2022\/12\/Android-Pos-Machine-1-150x150.jpg 150w, https:\/\/smartsaleerp.com\/wp-content\/uploads\/2022\/12\/Android-Pos-Machine-1-12x12.jpg 12w, https:\/\/smartsaleerp.com\/wp-content\/uploads\/2022\/12\/Android-Pos-Machine-1-600x600.jpg 600w, https:\/\/smartsaleerp.com\/wp-content\/uploads\/2022\/12\/Android-Pos-Machine-1-100x100.jpg 100w, https:\/\/smartsaleerp.com\/wp-content\/uploads\/2022\/12\/Android-Pos-Machine-1.jpg 750w\" sizes=\"(max-width: 300px) 100vw, 300px\" \/><\/span><\/div>\n<div><img decoding=\"async\" class=\"alignnone size-medium wp-image-831\" src=\"https:\/\/smartsaleerp.com\/wp-content\/uploads\/2022\/12\/NFC-300x300.jpg\" alt=\"\" width=\"300\" height=\"300\" srcset=\"https:\/\/smartsaleerp.com\/wp-content\/uploads\/2022\/12\/NFC-300x300.jpg 300w, https:\/\/smartsaleerp.com\/wp-content\/uploads\/2022\/12\/NFC-150x150.jpg 150w, https:\/\/smartsaleerp.com\/wp-content\/uploads\/2022\/12\/NFC-12x12.jpg 12w, https:\/\/smartsaleerp.com\/wp-content\/uploads\/2022\/12\/NFC-600x600.jpg 600w, https:\/\/smartsaleerp.com\/wp-content\/uploads\/2022\/12\/NFC-100x100.jpg 100w, https:\/\/smartsaleerp.com\/wp-content\/uploads\/2022\/12\/NFC.jpg 750w\" sizes=\"(max-width: 300px) 100vw, 300px\" \/> <img decoding=\"async\" class=\"alignnone wp-image-838 size-medium\" src=\"https:\/\/smartsaleerp.com\/wp-content\/uploads\/2022\/12\/Android-Pos-Machine-2-Products-Image-SmartSale-ERP-Hartet-Technologies-Limited-292x300.jpg\" alt=\"\" width=\"292\" height=\"300\" srcset=\"https:\/\/smartsaleerp.com\/wp-content\/uploads\/2022\/12\/Android-Pos-Machine-2-Products-Image-SmartSale-ERP-Hartet-Technologies-Limited-292x300.jpg 292w, https:\/\/smartsaleerp.com\/wp-content\/uploads\/2022\/12\/Android-Pos-Machine-2-Products-Image-SmartSale-ERP-Hartet-Technologies-Limited-768x789.jpg 768w, https:\/\/smartsaleerp.com\/wp-content\/uploads\/2022\/12\/Android-Pos-Machine-2-Products-Image-SmartSale-ERP-Hartet-Technologies-Limited-12x12.jpg 12w, https:\/\/smartsaleerp.com\/wp-content\/uploads\/2022\/12\/Android-Pos-Machine-2-Products-Image-SmartSale-ERP-Hartet-Technologies-Limited-600x616.jpg 600w, https:\/\/smartsaleerp.com\/wp-content\/uploads\/2022\/12\/Android-Pos-Machine-2-Products-Image-SmartSale-ERP-Hartet-Technologies-Limited.jpg 819w\" sizes=\"(max-width: 292px) 100vw, 292px\" \/><\/div>","protected":false},"excerpt":{"rendered":"<p>Tout d&#039;abord, cette machine de point de vente Android est un appareil tout-en-un avec imprimante thermique, appareil photo, ports externes, lecteur de carte, ce qui en fait la machine de point de vente Android pr\u00e9f\u00e9r\u00e9e. De plus, il s&#039;agit d&#039;un appareil portable car il est de petite taille avec un \u00e9cran de 5,5 pouces. La caract\u00e9ristique la plus remarquable est que ces machines de point de vente Android pr\u00e9sentent des performances durables et se chargent rapidement. Il offre \u00e9galement une connectivit\u00e9 sans fin de Bluetooth, WIFI, 3G et 4G.<\/p>","protected":false},"featured_media":833,"comment_status":"open","ping_status":"closed","template":"","meta":[],"product_brand":[],"product_cat":[25],"product_tag":[],"class_list":{"0":"post-29","1":"product","2":"type-product","3":"status-publish","4":"has-post-thumbnail","6":"product_cat-pos-android","8":"first","9":"instock","10":"shipping-taxable","11":"purchasable","12":"product-type-simple"},"_links":{"self":[{"href":"https:\/\/smartsaleerp.com\/fr\/wp-json\/wp\/v2\/product\/29","targetHints":{"allow":["GET"]}}],"collection":[{"href":"https:\/\/smartsaleerp.com\/fr\/wp-json\/wp\/v2\/product"}],"about":[{"href":"https:\/\/smartsaleerp.com\/fr\/wp-json\/wp\/v2\/types\/product"}],"replies":[{"embeddable":true,"href":"https:\/\/smartsaleerp.com\/fr\/wp-json\/wp\/v2\/comments?post=29"}],"wp:featuredmedia":[{"embeddable":true,"href":"https:\/\/smartsaleerp.com\/fr\/wp-json\/wp\/v2\/media\/833"}],"wp:attachment":[{"href":"https:\/\/smartsaleerp.com\/fr\/wp-json\/wp\/v2\/media?parent=29"}],"wp:term":[{"taxonomy":"product_brand","embeddable":true,"href":"https:\/\/smartsaleerp.com\/fr\/wp-json\/wp\/v2\/product_brand?post=29"},{"taxonomy":"product_cat","embeddable":true,"href":"https:\/\/smartsaleerp.com\/fr\/wp-json\/wp\/v2\/product_cat?post=29"},{"taxonomy":"product_tag","embeddable":true,"href":"https:\/\/smartsaleerp.com\/fr\/wp-json\/wp\/v2\/product_tag?post=29"}],"curies":[{"name":"wp","href":"https:\/\/api.w.org\/{rel}","templated":true}]}}