
{"id":1021,"date":"2023-01-10T23:26:22","date_gmt":"2023-01-10T23:26:22","guid":{"rendered":"https:\/\/smartsaleerp.com\/?post_type=product&#038;p=1021"},"modified":"2024-12-30T15:16:54","modified_gmt":"2024-12-30T15:16:54","slug":"standard-subscription","status":"publish","type":"product","link":"https:\/\/smartsaleerp.com\/fr\/produit\/standard-subscription\/","title":{"rendered":"Standard \u2013 Abonnement"},"content":{"rendered":"<p><strong>This package includes:<\/strong><\/p>\n<ul>\n<li>500 free SMS credits<\/li>\n<li>Up to 12 months of Bronze Support<\/li>\n<\/ul>\n<p>&nbsp;<\/p>\n<p><strong>Plus toutes ces fonctionnalit\u00e9s int\u00e9ressantes\u00a0:<\/strong><\/p>\n<ul>\n<li>Point de vente int\u00e9gr\u00e9<\/li>\n<li>Inventaire et gestion des stocks<\/li>\n<li>Commerce de d\u00e9tail<\/li>\n<li>Forfaits &amp; Promotions<\/li>\n<li>Rapports et analyses<\/li>\n<li>Assistance multi-succursales<\/li>\n<li>Gestion de la Relation Client<\/li>\n<li>Entreprises Inscriptions Abonnement Vente au d\u00e9tail<\/li>\n<li>Programmes de Fid\u00e9lit\u00e9 &amp; Cadeaux R\u00e9servations &amp; Horaires<\/li>\n<li>Administration du personnel<\/li>\n<li>Facturation et devis Gestion des commandes<\/li>\n<li>Contr\u00f4le d&#039;acc\u00e8s g\u00e9r\u00e9<\/li>\n<li>Petite caisse et d\u00e9penses<\/li>\n<li>Gestion de la paie<\/li>\n<li>Acheter en ligne<\/li>\n<li>G\u00e9n\u00e9rer un inventaire personnalis\u00e9 Gestion du studio<\/li>\n<li>Gestion des files d&#039;attente<\/li>\n<\/ul>","protected":false},"excerpt":{"rendered":"<p><strong>This package includes:<\/strong><\/p>\n<ul>\n<li>500 free SMS credits<\/li>\n<li><span style=\"color: #ff0000;\">Up to 12 months of Bronze Support<\/span><\/li>\n<\/ul>","protected":false},"featured_media":2659,"comment_status":"closed","ping_status":"closed","template":"","meta":[],"product_brand":[],"product_cat":[29],"product_tag":[],"class_list":{"0":"post-1021","1":"product","2":"type-product","3":"status-publish","4":"has-post-thumbnail","6":"product_cat-subscription-pricing-plan","8":"first","9":"instock","10":"shipping-taxable","11":"purchasable","12":"product-type-simple"},"_links":{"self":[{"href":"https:\/\/smartsaleerp.com\/fr\/wp-json\/wp\/v2\/product\/1021","targetHints":{"allow":["GET"]}}],"collection":[{"href":"https:\/\/smartsaleerp.com\/fr\/wp-json\/wp\/v2\/product"}],"about":[{"href":"https:\/\/smartsaleerp.com\/fr\/wp-json\/wp\/v2\/types\/product"}],"replies":[{"embeddable":true,"href":"https:\/\/smartsaleerp.com\/fr\/wp-json\/wp\/v2\/comments?post=1021"}],"wp:featuredmedia":[{"embeddable":true,"href":"https:\/\/smartsaleerp.com\/fr\/wp-json\/wp\/v2\/media\/2659"}],"wp:attachment":[{"href":"https:\/\/smartsaleerp.com\/fr\/wp-json\/wp\/v2\/media?parent=1021"}],"wp:term":[{"taxonomy":"product_brand","embeddable":true,"href":"https:\/\/smartsaleerp.com\/fr\/wp-json\/wp\/v2\/product_brand?post=1021"},{"taxonomy":"product_cat","embeddable":true,"href":"https:\/\/smartsaleerp.com\/fr\/wp-json\/wp\/v2\/product_cat?post=1021"},{"taxonomy":"product_tag","embeddable":true,"href":"https:\/\/smartsaleerp.com\/fr\/wp-json\/wp\/v2\/product_tag?post=1021"}],"curies":[{"name":"wp","href":"https:\/\/api.w.org\/{rel}","templated":true}]}}