
{"id":1018,"date":"2023-01-10T23:11:53","date_gmt":"2023-01-10T23:11:53","guid":{"rendered":"https:\/\/smartsaleerp.com\/?post_type=product&#038;p=1018"},"modified":"2024-12-30T15:24:31","modified_gmt":"2024-12-30T15:24:31","slug":"basic-subscription","status":"publish","type":"product","link":"https:\/\/smartsaleerp.com\/fr\/produit\/basic-subscription\/","title":{"rendered":"Basique \u2013 Abonnement"},"content":{"rendered":"<p><strong>This package includes:<\/strong><\/p>\n<ul>\n<li>500 free SMS credits<\/li>\n<li><span style=\"color: #ff0000;\">Up to 12 months of Bronze Support<\/span><\/li>\n<\/ul>\n<p>&nbsp;<\/p>\n<p><strong>Plus toutes ces fonctionnalit\u00e9s int\u00e9ressantes\u00a0:<\/strong><\/p>\n<ul>\n<li>Point de vente int\u00e9gr\u00e9<\/li>\n<li>Inventaire et gestion des stocks<\/li>\n<li>Commerce de d\u00e9tail<\/li>\n<li>Forfaits &amp; Promotions<\/li>\n<li>Rapports et analyses<\/li>\n<li>Assistance multi-succursales<\/li>\n<li>Gestion de la Relation Client Corporate Inscriptions Abonnement Retail<\/li>\n<li>Programmes de Fid\u00e9lit\u00e9 &amp; Cadeaux R\u00e9servations &amp; Horaires<\/li>\n<li>Administration du personnel<\/li>\n<li>Facturation et devis Gestion des commandes<\/li>\n<li>Contr\u00f4le d&#039;acc\u00e8s g\u00e9r\u00e9<\/li>\n<li>Petite caisse et d\u00e9penses<\/li>\n<\/ul>","protected":false},"excerpt":{"rendered":"<p><strong>This package includes:<\/strong><\/p>\n<ul>\n<li>500 free SMS credits<\/li>\n<li><span style=\"color: #ff0000;\">Up to 12 months of Bronze Support<\/span><\/li>\n<\/ul>","protected":false},"featured_media":2657,"comment_status":"closed","ping_status":"closed","template":"","meta":[],"product_brand":[],"product_cat":[29],"product_tag":[],"class_list":{"0":"post-1018","1":"product","2":"type-product","3":"status-publish","4":"has-post-thumbnail","6":"product_cat-subscription-pricing-plan","8":"first","9":"instock","10":"shipping-taxable","11":"purchasable","12":"product-type-simple"},"_links":{"self":[{"href":"https:\/\/smartsaleerp.com\/fr\/wp-json\/wp\/v2\/product\/1018","targetHints":{"allow":["GET"]}}],"collection":[{"href":"https:\/\/smartsaleerp.com\/fr\/wp-json\/wp\/v2\/product"}],"about":[{"href":"https:\/\/smartsaleerp.com\/fr\/wp-json\/wp\/v2\/types\/product"}],"replies":[{"embeddable":true,"href":"https:\/\/smartsaleerp.com\/fr\/wp-json\/wp\/v2\/comments?post=1018"}],"wp:featuredmedia":[{"embeddable":true,"href":"https:\/\/smartsaleerp.com\/fr\/wp-json\/wp\/v2\/media\/2657"}],"wp:attachment":[{"href":"https:\/\/smartsaleerp.com\/fr\/wp-json\/wp\/v2\/media?parent=1018"}],"wp:term":[{"taxonomy":"product_brand","embeddable":true,"href":"https:\/\/smartsaleerp.com\/fr\/wp-json\/wp\/v2\/product_brand?post=1018"},{"taxonomy":"product_cat","embeddable":true,"href":"https:\/\/smartsaleerp.com\/fr\/wp-json\/wp\/v2\/product_cat?post=1018"},{"taxonomy":"product_tag","embeddable":true,"href":"https:\/\/smartsaleerp.com\/fr\/wp-json\/wp\/v2\/product_tag?post=1018"}],"curies":[{"name":"wp","href":"https:\/\/api.w.org\/{rel}","templated":true}]}}