
{"id":2154,"date":"2023-01-19T15:33:42","date_gmt":"2023-01-19T15:33:42","guid":{"rendered":"https:\/\/smartsaleerp.com\/?page_id=2154"},"modified":"2023-02-04T23:36:29","modified_gmt":"2023-02-04T23:36:29","slug":"client-relations","status":"publish","type":"page","link":"https:\/\/smartsaleerp.com\/fr\/client-relations\/","title":{"rendered":"Relation client"},"content":{"rendered":"<div data-elementor-type=\"wp-page\" data-elementor-id=\"2154\" class=\"elementor elementor-2154\" data-elementor-settings=\"{&quot;ha_cmc_init_switcher&quot;:&quot;no&quot;}\" data-elementor-post-type=\"page\">\n\t\t\t\t<div class=\"elementor-element elementor-element-39b4bfc e-flex e-con-boxed e-con e-parent\" data-id=\"39b4bfc\" data-element_type=\"container\" data-e-type=\"container\" data-settings=\"{&quot;background_background&quot;:&quot;classic&quot;,&quot;_ha_eqh_enable&quot;:false}\">\n\t\t\t\t\t<div class=\"e-con-inner\">\n\t\t<div class=\"elementor-element elementor-element-3260d41 e-con-full e-flex e-con e-parent\" data-id=\"3260d41\" data-element_type=\"container\" data-e-type=\"container\" data-settings=\"{&quot;_ha_eqh_enable&quot;:false}\">\n\t\t\t\t<div class=\"elementor-element elementor-element-1a0a197 elementor-widget-mobile__width-inherit elementor-widget-tablet__width-inherit animated-fast elementor-invisible elementor-widget elementor-widget-heading\" data-id=\"1a0a197\" data-element_type=\"widget\" data-e-type=\"widget\" data-settings=\"{&quot;_animation&quot;:&quot;fadeInUp&quot;}\" data-widget_type=\"heading.default\">\n\t\t\t\t<div class=\"elementor-widget-container\">\n\t\t\t\t\t<h2 class=\"elementor-heading-title elementor-size-default\">Relation client<\/h2>\t\t\t\t<\/div>\n\t\t\t\t<\/div>\n\t\t\t\t<div class=\"elementor-element elementor-element-7e0003f elementor-icon-list--layout-inline elementor-widget__width-inherit elementor-mobile_extra-align-center animated-slow elementor-tablet-align-center elementor-list-item-link-full_width elementor-invisible elementor-widget elementor-widget-icon-list\" data-id=\"7e0003f\" data-element_type=\"widget\" data-e-type=\"widget\" data-settings=\"{&quot;_animation&quot;:&quot;fadeInUp&quot;}\" data-widget_type=\"icon-list.default\">\n\t\t\t\t<div class=\"elementor-widget-container\">\n\t\t\t\t\t\t\t<ul class=\"elementor-icon-list-items elementor-inline-items\">\n\t\t\t\t\t\t\t<li class=\"elementor-icon-list-item elementor-inline-item\">\n\t\t\t\t\t\t\t\t\t\t\t<a href=\"https:\/\/smartsaleerp.com\/fr\">\n\n\t\t\t\t\t\t\t\t\t\t\t<span class=\"elementor-icon-list-text\">Domicile<\/span>\n\t\t\t\t\t\t\t\t\t\t\t<\/a>\n\t\t\t\t\t\t\t\t\t<\/li>\n\t\t\t\t\t\t\t\t<li class=\"elementor-icon-list-item elementor-inline-item\">\n\t\t\t\t\t\t\t\t\t\t\t<span class=\"elementor-icon-list-icon\">\n\t\t\t\t\t\t\t<i aria-hidden=\"true\" class=\"fas fa-angle-right\"><\/i>\t\t\t\t\t\t<\/span>\n\t\t\t\t\t\t\t\t\t\t<span class=\"elementor-icon-list-text\"><\/span>\n\t\t\t\t\t\t\t\t\t<\/li>\n\t\t\t\t\t\t<\/ul>\n\t\t\t\t\t\t<\/div>\n\t\t\t\t<\/div>\n\t\t\t\t<\/div>\n\t\t<div class=\"elementor-element elementor-element-9ed434e e-con-full e-flex e-con e-parent\" data-id=\"9ed434e\" data-element_type=\"container\" data-e-type=\"container\" data-settings=\"{&quot;_ha_eqh_enable&quot;:false}\">\n\t\t\t\t<div class=\"elementor-element elementor-element-21dbf6b elementor-widget__width-auto elementor-absolute elementor-view-default elementor-widget elementor-widget-icon\" data-id=\"21dbf6b\" data-element_type=\"widget\" data-e-type=\"widget\" data-settings=\"{&quot;_position&quot;:&quot;absolute&quot;}\" data-widget_type=\"icon.default\">\n\t\t\t\t<div class=\"elementor-widget-container\">\n\t\t\t\t\t\t\t<div class=\"elementor-icon-wrapper\">\n\t\t\t<div class=\"elementor-icon\">\n\t\t\t<svg xmlns=\"http:\/\/www.w3.org\/2000\/svg\" width=\"202\" height=\"248\" viewbox=\"0 0 202 248\" fill=\"none\"><g opacity=\"0.33\"><rect width=\"11.96\" height=\"11.5751\" rx=\"5.78753\" fill=\"#E10404\" fill-opacity=\"0.15\"><\/rect><rect y=\"105.041\" width=\"11.96\" height=\"11.5751\" rx=\"5.78753\" fill=\"#E10404\" fill-opacity=\"0.15\"><\/rect><rect y=\"52.5208\" width=\"11.96\" height=\"11.5751\" rx=\"5.78753\" fill=\"#E10404\" fill-opacity=\"0.15\"><\/rect><rect y=\"157.562\" width=\"11.96\" height=\"11.5751\" rx=\"5.78753\" fill=\"#E10404\" fill-opacity=\"0.15\"><\/rect><rect y=\"210.083\" width=\"11.96\" height=\"11.5751\" rx=\"5.78753\" fill=\"#E10404\" fill-opacity=\"0.15\"><\/rect><rect y=\"26.2603\" width=\"11.96\" height=\"11.5751\" rx=\"5.78753\" fill=\"#E10404\" fill-opacity=\"0.15\"><\/rect><rect y=\"131.302\" width=\"11.96\" height=\"11.5751\" rx=\"5.78753\" fill=\"#E10404\" fill-opacity=\"0.15\"><\/rect><rect y=\"78.781\" width=\"11.96\" height=\"11.5751\" rx=\"5.78753\" fill=\"#E10404\" fill-opacity=\"0.15\"><\/rect><rect y=\"183.822\" width=\"11.96\" height=\"11.5751\" rx=\"5.78753\" fill=\"#E10404\" fill-opacity=\"0.15\"><\/rect><rect y=\"236.343\" width=\"11.96\" height=\"11.5751\" rx=\"5.78753\" fill=\"#E10404\" fill-opacity=\"0.15\"><\/rect><rect x=\"108.535\" width=\"11.96\" height=\"11.5751\" rx=\"5.78753\" fill=\"#E10404\" fill-opacity=\"0.15\"><\/rect><rect x=\"108.535\" y=\"105.041\" width=\"11.96\" height=\"11.5751\" rx=\"5.78753\" fill=\"#E10404\" fill-opacity=\"0.15\"><\/rect><rect x=\"108.535\" y=\"52.5208\" width=\"11.96\" height=\"11.5751\" rx=\"5.78753\" fill=\"#E10404\" fill-opacity=\"0.15\"><\/rect><rect x=\"108.535\" y=\"157.562\" width=\"11.96\" height=\"11.5751\" rx=\"5.78753\" fill=\"#E10404\" fill-opacity=\"0.15\"><\/rect><rect x=\"108.535\" y=\"210.083\" width=\"11.96\" height=\"11.5751\" rx=\"5.78753\" fill=\"#E10404\" fill-opacity=\"0.15\"><\/rect><rect x=\"108.535\" y=\"26.2603\" width=\"11.96\" height=\"11.5751\" rx=\"5.78753\" fill=\"#E10404\" fill-opacity=\"0.15\"><\/rect><rect x=\"108.535\" y=\"131.302\" width=\"11.96\" height=\"11.5751\" rx=\"5.78753\" fill=\"#E10404\" fill-opacity=\"0.15\"><\/rect><rect x=\"108.535\" y=\"78.781\" width=\"11.96\" height=\"11.5751\" rx=\"5.78753\" fill=\"#E10404\" fill-opacity=\"0.15\"><\/rect><rect x=\"108.535\" y=\"183.822\" width=\"11.96\" height=\"11.5751\" rx=\"5.78753\" fill=\"#E10404\" fill-opacity=\"0.15\"><\/rect><rect x=\"108.535\" y=\"236.343\" width=\"11.96\" height=\"11.5751\" rx=\"5.78753\" fill=\"#E10404\" fill-opacity=\"0.15\"><\/rect><rect x=\"54.2676\" width=\"11.96\" height=\"11.5751\" rx=\"5.78753\" fill=\"#E10404\" fill-opacity=\"0.15\"><\/rect><rect x=\"54.2676\" y=\"105.041\" width=\"11.96\" height=\"11.5751\" rx=\"5.78753\" fill=\"#E10404\" fill-opacity=\"0.15\"><\/rect><rect x=\"54.2676\" y=\"52.5208\" width=\"11.96\" height=\"11.5751\" rx=\"5.78753\" fill=\"#E10404\" fill-opacity=\"0.15\"><\/rect><rect x=\"54.2676\" y=\"157.562\" width=\"11.96\" height=\"11.5751\" rx=\"5.78753\" fill=\"#E10404\" fill-opacity=\"0.15\"><\/rect><rect x=\"54.2676\" y=\"210.083\" width=\"11.96\" height=\"11.5751\" rx=\"5.78753\" fill=\"#E10404\" fill-opacity=\"0.15\"><\/rect><rect x=\"54.2676\" y=\"26.2603\" width=\"11.96\" height=\"11.5751\" rx=\"5.78753\" fill=\"#E10404\" fill-opacity=\"0.15\"><\/rect><rect x=\"54.2676\" y=\"131.302\" width=\"11.96\" height=\"11.5751\" rx=\"5.78753\" fill=\"#E10404\" fill-opacity=\"0.15\"><\/rect><rect x=\"54.2676\" y=\"78.781\" width=\"11.96\" height=\"11.5751\" rx=\"5.78753\" fill=\"#E10404\" fill-opacity=\"0.15\"><\/rect><rect x=\"54.2676\" y=\"183.822\" width=\"11.96\" height=\"11.5751\" rx=\"5.78753\" fill=\"#E10404\" fill-opacity=\"0.15\"><\/rect><rect x=\"54.2676\" y=\"236.343\" width=\"11.96\" height=\"11.5751\" rx=\"5.78753\" fill=\"#E10404\" fill-opacity=\"0.15\"><\/rect><rect x=\"162.802\" width=\"11.96\" height=\"11.5751\" rx=\"5.78753\" fill=\"#E10404\" fill-opacity=\"0.15\"><\/rect><rect x=\"162.802\" y=\"105.041\" width=\"11.96\" height=\"11.5751\" rx=\"5.78753\" fill=\"#E10404\" fill-opacity=\"0.15\"><\/rect><rect x=\"162.802\" y=\"52.5208\" width=\"11.96\" height=\"11.5751\" rx=\"5.78753\" fill=\"#E10404\" fill-opacity=\"0.15\"><\/rect><rect x=\"162.802\" y=\"157.562\" width=\"11.96\" height=\"11.5751\" rx=\"5.78753\" fill=\"#E10404\" fill-opacity=\"0.15\"><\/rect><rect x=\"162.802\" y=\"210.083\" width=\"11.96\" height=\"11.5751\" rx=\"5.78753\" fill=\"#E10404\" fill-opacity=\"0.15\"><\/rect><rect x=\"162.802\" y=\"26.2603\" width=\"11.96\" height=\"11.5751\" rx=\"5.78753\" fill=\"#E10404\" fill-opacity=\"0.15\"><\/rect><rect x=\"162.802\" y=\"131.302\" width=\"11.96\" height=\"11.5751\" rx=\"5.78753\" fill=\"#E10404\" fill-opacity=\"0.15\"><\/rect><rect x=\"162.802\" y=\"78.781\" width=\"11.96\" height=\"11.5751\" rx=\"5.78753\" fill=\"#E10404\" fill-opacity=\"0.15\"><\/rect><rect x=\"162.802\" y=\"183.822\" width=\"11.96\" height=\"11.5751\" rx=\"5.78753\" fill=\"#E10404\" fill-opacity=\"0.15\"><\/rect><rect x=\"162.802\" y=\"236.343\" width=\"11.96\" height=\"11.5751\" rx=\"5.78753\" fill=\"#E10404\" fill-opacity=\"0.15\"><\/rect><rect x=\"27.1333\" width=\"11.96\" height=\"11.5751\" rx=\"5.78753\" fill=\"#E10404\" fill-opacity=\"0.15\"><\/rect><rect x=\"27.1333\" y=\"105.041\" width=\"11.96\" height=\"11.5751\" rx=\"5.78753\" fill=\"#E10404\" fill-opacity=\"0.15\"><\/rect><rect x=\"27.1333\" y=\"52.5208\" width=\"11.96\" height=\"11.5751\" rx=\"5.78753\" fill=\"#E10404\" fill-opacity=\"0.15\"><\/rect><rect x=\"27.1333\" y=\"157.562\" width=\"11.96\" height=\"11.5751\" rx=\"5.78753\" fill=\"#E10404\" fill-opacity=\"0.15\"><\/rect><rect x=\"27.1333\" y=\"210.083\" width=\"11.96\" height=\"11.5751\" rx=\"5.78753\" fill=\"#E10404\" fill-opacity=\"0.15\"><\/rect><rect x=\"27.1333\" y=\"26.2603\" width=\"11.96\" height=\"11.5751\" rx=\"5.78753\" fill=\"#E10404\" fill-opacity=\"0.15\"><\/rect><rect x=\"27.1333\" y=\"131.302\" width=\"11.96\" height=\"11.5751\" rx=\"5.78753\" fill=\"#E10404\" fill-opacity=\"0.15\"><\/rect><rect x=\"27.1333\" y=\"78.781\" width=\"11.96\" height=\"11.5751\" rx=\"5.78753\" fill=\"#E10404\" fill-opacity=\"0.15\"><\/rect><rect x=\"27.1333\" y=\"183.822\" width=\"11.96\" height=\"11.5751\" rx=\"5.78753\" fill=\"#E10404\" fill-opacity=\"0.15\"><\/rect><rect x=\"27.1333\" y=\"236.343\" width=\"11.96\" height=\"11.5751\" rx=\"5.78753\" fill=\"#E10404\" fill-opacity=\"0.15\"><\/rect><rect x=\"135.668\" width=\"11.96\" height=\"11.5751\" rx=\"5.78753\" fill=\"#E10404\" fill-opacity=\"0.15\"><\/rect><rect x=\"135.668\" y=\"105.041\" width=\"11.96\" height=\"11.5751\" rx=\"5.78753\" fill=\"#E10404\" fill-opacity=\"0.15\"><\/rect><rect x=\"135.668\" y=\"52.5208\" width=\"11.96\" height=\"11.5751\" rx=\"5.78753\" fill=\"#E10404\" fill-opacity=\"0.15\"><\/rect><rect x=\"135.668\" y=\"157.562\" width=\"11.96\" height=\"11.5751\" rx=\"5.78753\" fill=\"#E10404\" fill-opacity=\"0.15\"><\/rect><rect x=\"135.668\" y=\"210.083\" width=\"11.96\" height=\"11.5751\" rx=\"5.78753\" fill=\"#E10404\" fill-opacity=\"0.15\"><\/rect><rect x=\"135.668\" y=\"26.2603\" width=\"11.96\" height=\"11.5751\" rx=\"5.78753\" fill=\"#E10404\" fill-opacity=\"0.15\"><\/rect><rect x=\"135.668\" y=\"131.302\" width=\"11.96\" height=\"11.5751\" rx=\"5.78753\" fill=\"#E10404\" fill-opacity=\"0.15\"><\/rect><rect x=\"135.668\" y=\"78.781\" width=\"11.96\" height=\"11.5751\" rx=\"5.78753\" fill=\"#E10404\" fill-opacity=\"0.15\"><\/rect><rect x=\"135.668\" y=\"183.822\" width=\"11.96\" height=\"11.5751\" rx=\"5.78753\" fill=\"#E10404\" fill-opacity=\"0.15\"><\/rect><rect x=\"135.668\" y=\"236.343\" width=\"11.96\" height=\"11.5751\" rx=\"5.78753\" fill=\"#E10404\" fill-opacity=\"0.15\"><\/rect><rect x=\"81.4009\" width=\"11.96\" height=\"11.5751\" rx=\"5.78753\" fill=\"#E10404\" fill-opacity=\"0.15\"><\/rect><rect x=\"81.4009\" y=\"105.041\" width=\"11.96\" height=\"11.5751\" rx=\"5.78753\" fill=\"#E10404\" fill-opacity=\"0.15\"><\/rect><rect x=\"81.4009\" y=\"52.5208\" width=\"11.96\" height=\"11.5751\" rx=\"5.78753\" fill=\"#E10404\" fill-opacity=\"0.15\"><\/rect><rect x=\"81.4009\" y=\"157.562\" width=\"11.96\" height=\"11.5751\" rx=\"5.78753\" fill=\"#E10404\" fill-opacity=\"0.15\"><\/rect><rect x=\"81.4009\" y=\"210.083\" width=\"11.96\" height=\"11.5751\" rx=\"5.78753\" fill=\"#E10404\" fill-opacity=\"0.15\"><\/rect><rect x=\"81.4009\" y=\"26.2603\" width=\"11.96\" height=\"11.5751\" rx=\"5.78753\" fill=\"#E10404\" fill-opacity=\"0.15\"><\/rect><rect x=\"81.4009\" y=\"131.302\" width=\"11.96\" height=\"11.5751\" rx=\"5.78753\" fill=\"#E10404\" fill-opacity=\"0.15\"><\/rect><rect x=\"81.4009\" y=\"78.781\" width=\"11.96\" height=\"11.5751\" rx=\"5.78753\" fill=\"#E10404\" fill-opacity=\"0.15\"><\/rect><rect x=\"81.4009\" y=\"183.822\" width=\"11.96\" height=\"11.5751\" rx=\"5.78753\" fill=\"#E10404\" fill-opacity=\"0.15\"><\/rect><rect x=\"81.4009\" y=\"236.343\" width=\"11.96\" height=\"11.5751\" rx=\"5.78753\" fill=\"#E10404\" fill-opacity=\"0.15\"><\/rect><rect x=\"189.936\" width=\"11.96\" height=\"11.5751\" rx=\"5.78753\" fill=\"#E10404\" fill-opacity=\"0.15\"><\/rect><rect x=\"189.936\" y=\"105.041\" width=\"11.96\" height=\"11.5751\" rx=\"5.78753\" fill=\"#E10404\" fill-opacity=\"0.15\"><\/rect><rect x=\"189.936\" y=\"52.5208\" width=\"11.96\" height=\"11.5751\" rx=\"5.78753\" fill=\"#E10404\" fill-opacity=\"0.15\"><\/rect><rect x=\"189.936\" y=\"157.562\" width=\"11.96\" height=\"11.5751\" rx=\"5.78753\" fill=\"#E10404\" fill-opacity=\"0.15\"><\/rect><rect x=\"189.936\" y=\"210.083\" width=\"11.96\" height=\"11.5751\" rx=\"5.78753\" fill=\"#E10404\" fill-opacity=\"0.15\"><\/rect><rect x=\"189.936\" y=\"26.2603\" width=\"11.96\" height=\"11.5751\" rx=\"5.78753\" fill=\"#E10404\" fill-opacity=\"0.15\"><\/rect><rect x=\"189.936\" y=\"131.302\" width=\"11.96\" height=\"11.5751\" rx=\"5.78753\" fill=\"#E10404\" fill-opacity=\"0.15\"><\/rect><rect x=\"189.936\" y=\"78.781\" width=\"11.96\" height=\"11.5751\" rx=\"5.78753\" fill=\"#E10404\" fill-opacity=\"0.15\"><\/rect><rect x=\"189.936\" y=\"183.822\" width=\"11.96\" height=\"11.5751\" rx=\"5.78753\" fill=\"#E10404\" fill-opacity=\"0.15\"><\/rect><rect x=\"189.936\" y=\"236.343\" width=\"11.96\" height=\"11.5751\" rx=\"5.78753\" fill=\"#E10404\" fill-opacity=\"0.15\"><\/rect><\/g><\/svg>\t\t\t<\/div>\n\t\t<\/div>\n\t\t\t\t\t\t<\/div>\n\t\t\t\t<\/div>\n\t\t\t\t<div class=\"elementor-element elementor-element-f4ccc69 elementor-invisible elementor-widget elementor-widget-image\" data-id=\"f4ccc69\" data-element_type=\"widget\" data-e-type=\"widget\" data-settings=\"{&quot;_animation&quot;:&quot;fadeInRight&quot;}\" data-widget_type=\"image.default\">\n\t\t\t\t<div class=\"elementor-widget-container\">\n\t\t\t\t\t\t\t\t\t\t\t\t\t\t\t<img fetchpriority=\"high\" decoding=\"async\" width=\"808\" height=\"565\" src=\"https:\/\/smartsaleerp.com\/wp-content\/uploads\/2023\/01\/Client-Relations-Solutions-Images-SmartSale.jpg\" class=\"attachment-full size-full wp-image-1791\" alt=\"\" srcset=\"https:\/\/smartsaleerp.com\/wp-content\/uploads\/2023\/01\/Client-Relations-Solutions-Images-SmartSale.jpg 808w, https:\/\/smartsaleerp.com\/wp-content\/uploads\/2023\/01\/Client-Relations-Solutions-Images-SmartSale-300x210.jpg 300w, https:\/\/smartsaleerp.com\/wp-content\/uploads\/2023\/01\/Client-Relations-Solutions-Images-SmartSale-768x537.jpg 768w, https:\/\/smartsaleerp.com\/wp-content\/uploads\/2023\/01\/Client-Relations-Solutions-Images-SmartSale-18x12.jpg 18w, https:\/\/smartsaleerp.com\/wp-content\/uploads\/2023\/01\/Client-Relations-Solutions-Images-SmartSale-600x420.jpg 600w\" sizes=\"(max-width: 808px) 100vw, 808px\" \/>\t\t\t\t\t\t\t\t\t\t\t\t\t\t\t<\/div>\n\t\t\t\t<\/div>\n\t\t\t\t<\/div>\n\t\t\t\t\t<\/div>\n\t\t\t\t<\/div>\n\t\t<div class=\"elementor-element elementor-element-277e958 e-flex e-con-boxed e-con e-parent\" data-id=\"277e958\" data-element_type=\"container\" data-e-type=\"container\" data-settings=\"{&quot;_ha_eqh_enable&quot;:false}\">\n\t\t\t\t\t<div class=\"e-con-inner\">\n\t\t<div class=\"elementor-element elementor-element-add33b4 e-con-full e-flex e-con e-parent\" data-id=\"add33b4\" data-element_type=\"container\" data-e-type=\"container\" data-settings=\"{&quot;_ha_eqh_enable&quot;:false}\">\n\t\t\t\t<div class=\"elementor-element elementor-element-c97f4e4 elementor-widget elementor-widget-icon-box\" data-id=\"c97f4e4\" data-element_type=\"widget\" data-e-type=\"widget\" data-widget_type=\"icon-box.default\">\n\t\t\t\t<div class=\"elementor-widget-container\">\n\t\t\t\t\t\t\t<div class=\"elementor-icon-box-wrapper\">\n\n\t\t\t\n\t\t\t\t\t\t<div class=\"elementor-icon-box-content\">\n\n\t\t\t\t\t\t\t\t\t<h3 class=\"elementor-icon-box-title\">\n\t\t\t\t\t\t<span  >\n\t\t\t\t\t\t\tLes clients sont essentiels au succ\u00e8s de votre entreprise. Votre relation avec vos clients d\u00e9terminera s&#039;ils restent avec vous ou s&#039;ils partent.\t\t\t\t\t\t<\/span>\n\t\t\t\t\t<\/h3>\n\t\t\t\t\n\t\t\t\t\t\t\t\t\t<p class=\"elementor-icon-box-description\">\n\t\t\t\t\t\tIl est crucial pour vous d&#039;\u00eatre toujours au courant des activit\u00e9s de vos clients afin de pouvoir maintenir une bonne relation avec eux. Conservez une base de donn\u00e9es de vos clients et surveillez les d\u00e9penses et les habitudes d&#039;achat pour vous permettre d&#039;adapter vos offres sp\u00e9cifiques \u00e0 vos clients. Enregistrez de nouveaux clients, envoyez-leur des messages pendant les vacances et mettez-les \u00e9galement \u00e0 jour sur toute information dont ils ont besoin d&#039;\u00eatre mis \u00e0 jour. De plus, vous pouvez enregistrer diverses notes sur vos clients et \u00eatre toujours \u00e0 jour avec les informations sur vos clients. Vous pouvez \u00e9galement g\u00e9rer les clients que vous perdez et ceux que vous avez pu conserver \u00e0 l&#039;aide de la fonction CRM. Trouvez des moyens de relancer les relations et les affaires avec vos anciens clients gr\u00e2ce \u00e0 la base de donn\u00e9es que vous pouvez avoir sur votre SmartSale.\t\t\t\t\t<\/p>\n\t\t\t\t\n\t\t\t<\/div>\n\t\t\t\n\t\t<\/div>\n\t\t\t\t\t\t<\/div>\n\t\t\t\t<\/div>\n\t\t\t\t<div class=\"elementor-element elementor-element-06c1dad elementor-mobile-align-justify elementor-widget-mobile__width-inherit elementor-invisible elementor-widget elementor-widget-button\" data-id=\"06c1dad\" data-element_type=\"widget\" data-e-type=\"widget\" data-settings=\"{&quot;_animation&quot;:&quot;fadeInUp&quot;}\" data-widget_type=\"button.default\">\n\t\t\t\t<div class=\"elementor-widget-container\">\n\t\t\t\t\t\t\t\t\t<div class=\"elementor-button-wrapper\">\n\t\t\t\t\t<a class=\"elementor-button elementor-button-link elementor-size-sm elementor-animation-grow\" href=\"https:\/\/smartsaleerp.com\/fr\/get-started\/\">\n\t\t\t\t\t\t<span class=\"elementor-button-content-wrapper\">\n\t\t\t\t\t\t\t\t\t<span class=\"elementor-button-text\">Commencer<\/span>\n\t\t\t\t\t<\/span>\n\t\t\t\t\t<\/a>\n\t\t\t\t<\/div>\n\t\t\t\t\t\t\t\t<\/div>\n\t\t\t\t<\/div>\n\t\t\t\t<div class=\"elementor-element elementor-element-267683e elementor-mobile-align-justify elementor-widget-mobile__width-inherit animated-slow elementor-invisible elementor-widget elementor-widget-button\" data-id=\"267683e\" data-element_type=\"widget\" data-e-type=\"widget\" data-settings=\"{&quot;_animation&quot;:&quot;fadeInUp&quot;}\" data-widget_type=\"button.default\">\n\t\t\t\t<div class=\"elementor-widget-container\">\n\t\t\t\t\t\t\t\t\t<div class=\"elementor-button-wrapper\">\n\t\t\t\t\t<a class=\"elementor-button elementor-button-link elementor-size-sm elementor-animation-grow\" href=\"https:\/\/wa.me\/233502568698\">\n\t\t\t\t\t\t<span class=\"elementor-button-content-wrapper\">\n\t\t\t\t\t\t<span class=\"elementor-button-icon\">\n\t\t\t\t<i aria-hidden=\"true\" class=\"fab fa-whatsapp\"><\/i>\t\t\t<\/span>\n\t\t\t\t\t\t\t\t\t<span class=\"elementor-button-text\">Parlez avec un expert<\/span>\n\t\t\t\t\t<\/span>\n\t\t\t\t\t<\/a>\n\t\t\t\t<\/div>\n\t\t\t\t\t\t\t\t<\/div>\n\t\t\t\t<\/div>\n\t\t\t\t<\/div>\n\t\t<div class=\"elementor-element elementor-element-af9ea6d e-con-full e-flex e-con e-parent\" data-id=\"af9ea6d\" data-element_type=\"container\" data-e-type=\"container\" data-settings=\"{&quot;_ha_eqh_enable&quot;:false}\">\n\t\t\t\t<div class=\"elementor-element elementor-element-908ed41 elementor-widget__width-initial elementor-widget-laptop__width-inherit animated-slow elementor-invisible elementor-widget elementor-widget-image\" data-id=\"908ed41\" data-element_type=\"widget\" data-e-type=\"widget\" data-settings=\"{&quot;_animation&quot;:&quot;fadeInUp&quot;}\" data-widget_type=\"image.default\">\n\t\t\t\t<div class=\"elementor-widget-container\">\n\t\t\t\t\t\t\t\t\t\t\t\t\t\t\t<img decoding=\"async\" width=\"468\" height=\"618\" src=\"https:\/\/smartsaleerp.com\/wp-content\/uploads\/2023\/01\/Client-Relations-Features-Image-Design-SmartSale-ERP-min.png\" class=\"attachment-full size-full wp-image-2261\" alt=\"\" srcset=\"https:\/\/smartsaleerp.com\/wp-content\/uploads\/2023\/01\/Client-Relations-Features-Image-Design-SmartSale-ERP-min.png 468w, https:\/\/smartsaleerp.com\/wp-content\/uploads\/2023\/01\/Client-Relations-Features-Image-Design-SmartSale-ERP-min-227x300.png 227w, https:\/\/smartsaleerp.com\/wp-content\/uploads\/2023\/01\/Client-Relations-Features-Image-Design-SmartSale-ERP-min-9x12.png 9w\" sizes=\"(max-width: 468px) 100vw, 468px\" \/>\t\t\t\t\t\t\t\t\t\t\t\t\t\t\t<\/div>\n\t\t\t\t<\/div>\n\t\t\t\t<\/div>\n\t\t\t\t\t<\/div>\n\t\t\t\t<\/div>\n\t\t\t\t<\/div>","protected":false},"excerpt":{"rendered":"<p>Client Relations Home Customers are crucial to the success of your business. How you relate to your customers will determine if they stay with you or leave. It is crucial for you to always be updated about your clients activities to be able to maintain a good relationship with them. Keep a database of your [&hellip;]<\/p>\n","protected":false},"author":1,"featured_media":1791,"parent":0,"menu_order":18,"comment_status":"closed","ping_status":"closed","template":"elementor_header_footer","meta":{"footnotes":""},"class_list":["post-2154","page","type-page","status-publish","has-post-thumbnail","hentry"],"_links":{"self":[{"href":"https:\/\/smartsaleerp.com\/fr\/wp-json\/wp\/v2\/pages\/2154","targetHints":{"allow":["GET"]}}],"collection":[{"href":"https:\/\/smartsaleerp.com\/fr\/wp-json\/wp\/v2\/pages"}],"about":[{"href":"https:\/\/smartsaleerp.com\/fr\/wp-json\/wp\/v2\/types\/page"}],"author":[{"embeddable":true,"href":"https:\/\/smartsaleerp.com\/fr\/wp-json\/wp\/v2\/users\/1"}],"replies":[{"embeddable":true,"href":"https:\/\/smartsaleerp.com\/fr\/wp-json\/wp\/v2\/comments?post=2154"}],"version-history":[{"count":0,"href":"https:\/\/smartsaleerp.com\/fr\/wp-json\/wp\/v2\/pages\/2154\/revisions"}],"wp:featuredmedia":[{"embeddable":true,"href":"https:\/\/smartsaleerp.com\/fr\/wp-json\/wp\/v2\/media\/1791"}],"wp:attachment":[{"href":"https:\/\/smartsaleerp.com\/fr\/wp-json\/wp\/v2\/media?parent=2154"}],"curies":[{"name":"wp","href":"https:\/\/api.w.org\/{rel}","templated":true}]}}