
{"id":2152,"date":"2023-01-19T15:33:18","date_gmt":"2023-01-19T15:33:18","guid":{"rendered":"https:\/\/smartsaleerp.com\/?page_id=2152"},"modified":"2023-02-04T23:36:01","modified_gmt":"2023-02-04T23:36:01","slug":"electronic-payments","status":"publish","type":"page","link":"https:\/\/smartsaleerp.com\/fr\/electronic-payments\/","title":{"rendered":"Paiements \u00e9lectroniques"},"content":{"rendered":"<div data-elementor-type=\"wp-page\" data-elementor-id=\"2152\" class=\"elementor elementor-2152\" data-elementor-settings=\"{&quot;ha_cmc_init_switcher&quot;:&quot;no&quot;}\" data-elementor-post-type=\"page\">\n\t\t\t\t<div class=\"elementor-element elementor-element-2e6e57a e-flex e-con-boxed e-con e-parent\" data-id=\"2e6e57a\" data-element_type=\"container\" data-e-type=\"container\" data-settings=\"{&quot;background_background&quot;:&quot;classic&quot;,&quot;_ha_eqh_enable&quot;:false}\">\n\t\t\t\t\t<div class=\"e-con-inner\">\n\t\t<div class=\"elementor-element elementor-element-4c2bcbb e-con-full e-flex e-con e-parent\" data-id=\"4c2bcbb\" data-element_type=\"container\" data-e-type=\"container\" data-settings=\"{&quot;_ha_eqh_enable&quot;:false}\">\n\t\t\t\t<div class=\"elementor-element elementor-element-f3cec5b elementor-widget-mobile__width-inherit elementor-widget-tablet__width-inherit animated-fast elementor-invisible elementor-widget elementor-widget-heading\" data-id=\"f3cec5b\" data-element_type=\"widget\" data-e-type=\"widget\" data-settings=\"{&quot;_animation&quot;:&quot;fadeInUp&quot;}\" data-widget_type=\"heading.default\">\n\t\t\t\t<div class=\"elementor-widget-container\">\n\t\t\t\t\t<h2 class=\"elementor-heading-title elementor-size-default\">\u00c9lectronique<br> Paiements<\/h2>\t\t\t\t<\/div>\n\t\t\t\t<\/div>\n\t\t\t\t<div class=\"elementor-element elementor-element-73d0262 elementor-icon-list--layout-inline elementor-widget__width-inherit elementor-mobile_extra-align-center animated-slow elementor-tablet-align-center elementor-list-item-link-full_width elementor-invisible elementor-widget elementor-widget-icon-list\" data-id=\"73d0262\" data-element_type=\"widget\" data-e-type=\"widget\" data-settings=\"{&quot;_animation&quot;:&quot;fadeInUp&quot;}\" data-widget_type=\"icon-list.default\">\n\t\t\t\t<div class=\"elementor-widget-container\">\n\t\t\t\t\t\t\t<ul class=\"elementor-icon-list-items elementor-inline-items\">\n\t\t\t\t\t\t\t<li class=\"elementor-icon-list-item elementor-inline-item\">\n\t\t\t\t\t\t\t\t\t\t\t<a href=\"https:\/\/smartsaleerp.com\/fr\">\n\n\t\t\t\t\t\t\t\t\t\t\t<span class=\"elementor-icon-list-text\">Domicile<\/span>\n\t\t\t\t\t\t\t\t\t\t\t<\/a>\n\t\t\t\t\t\t\t\t\t<\/li>\n\t\t\t\t\t\t\t\t<li class=\"elementor-icon-list-item elementor-inline-item\">\n\t\t\t\t\t\t\t\t\t\t\t<span class=\"elementor-icon-list-icon\">\n\t\t\t\t\t\t\t<i aria-hidden=\"true\" class=\"fas fa-angle-right\"><\/i>\t\t\t\t\t\t<\/span>\n\t\t\t\t\t\t\t\t\t\t<span class=\"elementor-icon-list-text\"><\/span>\n\t\t\t\t\t\t\t\t\t<\/li>\n\t\t\t\t\t\t<\/ul>\n\t\t\t\t\t\t<\/div>\n\t\t\t\t<\/div>\n\t\t\t\t<\/div>\n\t\t<div class=\"elementor-element elementor-element-4bfc1e6 e-con-full e-flex e-con e-parent\" data-id=\"4bfc1e6\" data-element_type=\"container\" data-e-type=\"container\" data-settings=\"{&quot;_ha_eqh_enable&quot;:false}\">\n\t\t\t\t<div class=\"elementor-element elementor-element-ec36f14 elementor-widget__width-auto elementor-absolute elementor-view-default elementor-widget elementor-widget-icon\" data-id=\"ec36f14\" data-element_type=\"widget\" data-e-type=\"widget\" data-settings=\"{&quot;_position&quot;:&quot;absolute&quot;}\" data-widget_type=\"icon.default\">\n\t\t\t\t<div class=\"elementor-widget-container\">\n\t\t\t\t\t\t\t<div class=\"elementor-icon-wrapper\">\n\t\t\t<div class=\"elementor-icon\">\n\t\t\t<svg xmlns=\"http:\/\/www.w3.org\/2000\/svg\" width=\"202\" height=\"248\" viewbox=\"0 0 202 248\" fill=\"none\"><g opacity=\"0.33\"><rect width=\"11.96\" height=\"11.5751\" rx=\"5.78753\" fill=\"#E10404\" fill-opacity=\"0.15\"><\/rect><rect y=\"105.041\" width=\"11.96\" height=\"11.5751\" rx=\"5.78753\" fill=\"#E10404\" fill-opacity=\"0.15\"><\/rect><rect y=\"52.5208\" width=\"11.96\" height=\"11.5751\" rx=\"5.78753\" fill=\"#E10404\" fill-opacity=\"0.15\"><\/rect><rect y=\"157.562\" width=\"11.96\" height=\"11.5751\" rx=\"5.78753\" fill=\"#E10404\" fill-opacity=\"0.15\"><\/rect><rect y=\"210.083\" width=\"11.96\" height=\"11.5751\" rx=\"5.78753\" fill=\"#E10404\" fill-opacity=\"0.15\"><\/rect><rect y=\"26.2603\" width=\"11.96\" height=\"11.5751\" rx=\"5.78753\" fill=\"#E10404\" fill-opacity=\"0.15\"><\/rect><rect y=\"131.302\" width=\"11.96\" height=\"11.5751\" rx=\"5.78753\" fill=\"#E10404\" fill-opacity=\"0.15\"><\/rect><rect y=\"78.781\" width=\"11.96\" height=\"11.5751\" rx=\"5.78753\" fill=\"#E10404\" fill-opacity=\"0.15\"><\/rect><rect y=\"183.822\" width=\"11.96\" height=\"11.5751\" rx=\"5.78753\" fill=\"#E10404\" fill-opacity=\"0.15\"><\/rect><rect y=\"236.343\" width=\"11.96\" height=\"11.5751\" rx=\"5.78753\" fill=\"#E10404\" fill-opacity=\"0.15\"><\/rect><rect x=\"108.535\" width=\"11.96\" height=\"11.5751\" rx=\"5.78753\" fill=\"#E10404\" fill-opacity=\"0.15\"><\/rect><rect x=\"108.535\" y=\"105.041\" width=\"11.96\" height=\"11.5751\" rx=\"5.78753\" fill=\"#E10404\" fill-opacity=\"0.15\"><\/rect><rect x=\"108.535\" y=\"52.5208\" width=\"11.96\" height=\"11.5751\" rx=\"5.78753\" fill=\"#E10404\" fill-opacity=\"0.15\"><\/rect><rect x=\"108.535\" y=\"157.562\" width=\"11.96\" height=\"11.5751\" rx=\"5.78753\" fill=\"#E10404\" fill-opacity=\"0.15\"><\/rect><rect x=\"108.535\" y=\"210.083\" width=\"11.96\" height=\"11.5751\" rx=\"5.78753\" fill=\"#E10404\" fill-opacity=\"0.15\"><\/rect><rect x=\"108.535\" y=\"26.2603\" width=\"11.96\" height=\"11.5751\" rx=\"5.78753\" fill=\"#E10404\" fill-opacity=\"0.15\"><\/rect><rect x=\"108.535\" y=\"131.302\" width=\"11.96\" height=\"11.5751\" rx=\"5.78753\" fill=\"#E10404\" fill-opacity=\"0.15\"><\/rect><rect x=\"108.535\" y=\"78.781\" width=\"11.96\" height=\"11.5751\" rx=\"5.78753\" fill=\"#E10404\" fill-opacity=\"0.15\"><\/rect><rect x=\"108.535\" y=\"183.822\" width=\"11.96\" height=\"11.5751\" rx=\"5.78753\" fill=\"#E10404\" fill-opacity=\"0.15\"><\/rect><rect x=\"108.535\" y=\"236.343\" width=\"11.96\" height=\"11.5751\" rx=\"5.78753\" fill=\"#E10404\" fill-opacity=\"0.15\"><\/rect><rect x=\"54.2676\" width=\"11.96\" height=\"11.5751\" rx=\"5.78753\" fill=\"#E10404\" fill-opacity=\"0.15\"><\/rect><rect x=\"54.2676\" y=\"105.041\" width=\"11.96\" height=\"11.5751\" rx=\"5.78753\" fill=\"#E10404\" fill-opacity=\"0.15\"><\/rect><rect x=\"54.2676\" y=\"52.5208\" width=\"11.96\" height=\"11.5751\" rx=\"5.78753\" fill=\"#E10404\" fill-opacity=\"0.15\"><\/rect><rect x=\"54.2676\" y=\"157.562\" width=\"11.96\" height=\"11.5751\" rx=\"5.78753\" fill=\"#E10404\" fill-opacity=\"0.15\"><\/rect><rect x=\"54.2676\" y=\"210.083\" width=\"11.96\" height=\"11.5751\" rx=\"5.78753\" fill=\"#E10404\" fill-opacity=\"0.15\"><\/rect><rect x=\"54.2676\" y=\"26.2603\" width=\"11.96\" height=\"11.5751\" rx=\"5.78753\" fill=\"#E10404\" fill-opacity=\"0.15\"><\/rect><rect x=\"54.2676\" y=\"131.302\" width=\"11.96\" height=\"11.5751\" rx=\"5.78753\" fill=\"#E10404\" fill-opacity=\"0.15\"><\/rect><rect x=\"54.2676\" y=\"78.781\" width=\"11.96\" height=\"11.5751\" rx=\"5.78753\" fill=\"#E10404\" fill-opacity=\"0.15\"><\/rect><rect x=\"54.2676\" y=\"183.822\" width=\"11.96\" height=\"11.5751\" rx=\"5.78753\" fill=\"#E10404\" fill-opacity=\"0.15\"><\/rect><rect x=\"54.2676\" y=\"236.343\" width=\"11.96\" height=\"11.5751\" rx=\"5.78753\" fill=\"#E10404\" fill-opacity=\"0.15\"><\/rect><rect x=\"162.802\" width=\"11.96\" height=\"11.5751\" rx=\"5.78753\" fill=\"#E10404\" fill-opacity=\"0.15\"><\/rect><rect x=\"162.802\" y=\"105.041\" width=\"11.96\" height=\"11.5751\" rx=\"5.78753\" fill=\"#E10404\" fill-opacity=\"0.15\"><\/rect><rect x=\"162.802\" y=\"52.5208\" width=\"11.96\" height=\"11.5751\" rx=\"5.78753\" fill=\"#E10404\" fill-opacity=\"0.15\"><\/rect><rect x=\"162.802\" y=\"157.562\" width=\"11.96\" height=\"11.5751\" rx=\"5.78753\" fill=\"#E10404\" fill-opacity=\"0.15\"><\/rect><rect x=\"162.802\" y=\"210.083\" width=\"11.96\" height=\"11.5751\" rx=\"5.78753\" fill=\"#E10404\" fill-opacity=\"0.15\"><\/rect><rect x=\"162.802\" y=\"26.2603\" width=\"11.96\" height=\"11.5751\" rx=\"5.78753\" fill=\"#E10404\" fill-opacity=\"0.15\"><\/rect><rect x=\"162.802\" y=\"131.302\" width=\"11.96\" height=\"11.5751\" rx=\"5.78753\" fill=\"#E10404\" fill-opacity=\"0.15\"><\/rect><rect x=\"162.802\" y=\"78.781\" width=\"11.96\" height=\"11.5751\" rx=\"5.78753\" fill=\"#E10404\" fill-opacity=\"0.15\"><\/rect><rect x=\"162.802\" y=\"183.822\" width=\"11.96\" height=\"11.5751\" rx=\"5.78753\" fill=\"#E10404\" fill-opacity=\"0.15\"><\/rect><rect x=\"162.802\" y=\"236.343\" width=\"11.96\" height=\"11.5751\" rx=\"5.78753\" fill=\"#E10404\" fill-opacity=\"0.15\"><\/rect><rect x=\"27.1333\" width=\"11.96\" height=\"11.5751\" rx=\"5.78753\" fill=\"#E10404\" fill-opacity=\"0.15\"><\/rect><rect x=\"27.1333\" y=\"105.041\" width=\"11.96\" height=\"11.5751\" rx=\"5.78753\" fill=\"#E10404\" fill-opacity=\"0.15\"><\/rect><rect x=\"27.1333\" y=\"52.5208\" width=\"11.96\" height=\"11.5751\" rx=\"5.78753\" fill=\"#E10404\" fill-opacity=\"0.15\"><\/rect><rect x=\"27.1333\" y=\"157.562\" width=\"11.96\" height=\"11.5751\" rx=\"5.78753\" fill=\"#E10404\" fill-opacity=\"0.15\"><\/rect><rect x=\"27.1333\" y=\"210.083\" width=\"11.96\" height=\"11.5751\" rx=\"5.78753\" fill=\"#E10404\" fill-opacity=\"0.15\"><\/rect><rect x=\"27.1333\" y=\"26.2603\" width=\"11.96\" height=\"11.5751\" rx=\"5.78753\" fill=\"#E10404\" fill-opacity=\"0.15\"><\/rect><rect x=\"27.1333\" y=\"131.302\" width=\"11.96\" height=\"11.5751\" rx=\"5.78753\" fill=\"#E10404\" fill-opacity=\"0.15\"><\/rect><rect x=\"27.1333\" y=\"78.781\" width=\"11.96\" height=\"11.5751\" rx=\"5.78753\" fill=\"#E10404\" fill-opacity=\"0.15\"><\/rect><rect x=\"27.1333\" y=\"183.822\" width=\"11.96\" height=\"11.5751\" rx=\"5.78753\" fill=\"#E10404\" fill-opacity=\"0.15\"><\/rect><rect x=\"27.1333\" y=\"236.343\" width=\"11.96\" height=\"11.5751\" rx=\"5.78753\" fill=\"#E10404\" fill-opacity=\"0.15\"><\/rect><rect x=\"135.668\" width=\"11.96\" height=\"11.5751\" rx=\"5.78753\" fill=\"#E10404\" fill-opacity=\"0.15\"><\/rect><rect x=\"135.668\" y=\"105.041\" width=\"11.96\" height=\"11.5751\" rx=\"5.78753\" fill=\"#E10404\" fill-opacity=\"0.15\"><\/rect><rect x=\"135.668\" y=\"52.5208\" width=\"11.96\" height=\"11.5751\" rx=\"5.78753\" fill=\"#E10404\" fill-opacity=\"0.15\"><\/rect><rect x=\"135.668\" y=\"157.562\" width=\"11.96\" height=\"11.5751\" rx=\"5.78753\" fill=\"#E10404\" fill-opacity=\"0.15\"><\/rect><rect x=\"135.668\" y=\"210.083\" width=\"11.96\" height=\"11.5751\" rx=\"5.78753\" fill=\"#E10404\" fill-opacity=\"0.15\"><\/rect><rect x=\"135.668\" y=\"26.2603\" width=\"11.96\" height=\"11.5751\" rx=\"5.78753\" fill=\"#E10404\" fill-opacity=\"0.15\"><\/rect><rect x=\"135.668\" y=\"131.302\" width=\"11.96\" height=\"11.5751\" rx=\"5.78753\" fill=\"#E10404\" fill-opacity=\"0.15\"><\/rect><rect x=\"135.668\" y=\"78.781\" width=\"11.96\" height=\"11.5751\" rx=\"5.78753\" fill=\"#E10404\" fill-opacity=\"0.15\"><\/rect><rect x=\"135.668\" y=\"183.822\" width=\"11.96\" height=\"11.5751\" rx=\"5.78753\" fill=\"#E10404\" fill-opacity=\"0.15\"><\/rect><rect x=\"135.668\" y=\"236.343\" width=\"11.96\" height=\"11.5751\" rx=\"5.78753\" fill=\"#E10404\" fill-opacity=\"0.15\"><\/rect><rect x=\"81.4009\" width=\"11.96\" height=\"11.5751\" rx=\"5.78753\" fill=\"#E10404\" fill-opacity=\"0.15\"><\/rect><rect x=\"81.4009\" y=\"105.041\" width=\"11.96\" height=\"11.5751\" rx=\"5.78753\" fill=\"#E10404\" fill-opacity=\"0.15\"><\/rect><rect x=\"81.4009\" y=\"52.5208\" width=\"11.96\" height=\"11.5751\" rx=\"5.78753\" fill=\"#E10404\" fill-opacity=\"0.15\"><\/rect><rect x=\"81.4009\" y=\"157.562\" width=\"11.96\" height=\"11.5751\" rx=\"5.78753\" fill=\"#E10404\" fill-opacity=\"0.15\"><\/rect><rect x=\"81.4009\" y=\"210.083\" width=\"11.96\" height=\"11.5751\" rx=\"5.78753\" fill=\"#E10404\" fill-opacity=\"0.15\"><\/rect><rect x=\"81.4009\" y=\"26.2603\" width=\"11.96\" height=\"11.5751\" rx=\"5.78753\" fill=\"#E10404\" fill-opacity=\"0.15\"><\/rect><rect x=\"81.4009\" y=\"131.302\" width=\"11.96\" height=\"11.5751\" rx=\"5.78753\" fill=\"#E10404\" fill-opacity=\"0.15\"><\/rect><rect x=\"81.4009\" y=\"78.781\" width=\"11.96\" height=\"11.5751\" rx=\"5.78753\" fill=\"#E10404\" fill-opacity=\"0.15\"><\/rect><rect x=\"81.4009\" y=\"183.822\" width=\"11.96\" height=\"11.5751\" rx=\"5.78753\" fill=\"#E10404\" fill-opacity=\"0.15\"><\/rect><rect x=\"81.4009\" y=\"236.343\" width=\"11.96\" height=\"11.5751\" rx=\"5.78753\" fill=\"#E10404\" fill-opacity=\"0.15\"><\/rect><rect x=\"189.936\" width=\"11.96\" height=\"11.5751\" rx=\"5.78753\" fill=\"#E10404\" fill-opacity=\"0.15\"><\/rect><rect x=\"189.936\" y=\"105.041\" width=\"11.96\" height=\"11.5751\" rx=\"5.78753\" fill=\"#E10404\" fill-opacity=\"0.15\"><\/rect><rect x=\"189.936\" y=\"52.5208\" width=\"11.96\" height=\"11.5751\" rx=\"5.78753\" fill=\"#E10404\" fill-opacity=\"0.15\"><\/rect><rect x=\"189.936\" y=\"157.562\" width=\"11.96\" height=\"11.5751\" rx=\"5.78753\" fill=\"#E10404\" fill-opacity=\"0.15\"><\/rect><rect x=\"189.936\" y=\"210.083\" width=\"11.96\" height=\"11.5751\" rx=\"5.78753\" fill=\"#E10404\" fill-opacity=\"0.15\"><\/rect><rect x=\"189.936\" y=\"26.2603\" width=\"11.96\" height=\"11.5751\" rx=\"5.78753\" fill=\"#E10404\" fill-opacity=\"0.15\"><\/rect><rect x=\"189.936\" y=\"131.302\" width=\"11.96\" height=\"11.5751\" rx=\"5.78753\" fill=\"#E10404\" fill-opacity=\"0.15\"><\/rect><rect x=\"189.936\" y=\"78.781\" width=\"11.96\" height=\"11.5751\" rx=\"5.78753\" fill=\"#E10404\" fill-opacity=\"0.15\"><\/rect><rect x=\"189.936\" y=\"183.822\" width=\"11.96\" height=\"11.5751\" rx=\"5.78753\" fill=\"#E10404\" fill-opacity=\"0.15\"><\/rect><rect x=\"189.936\" y=\"236.343\" width=\"11.96\" height=\"11.5751\" rx=\"5.78753\" fill=\"#E10404\" fill-opacity=\"0.15\"><\/rect><\/g><\/svg>\t\t\t<\/div>\n\t\t<\/div>\n\t\t\t\t\t\t<\/div>\n\t\t\t\t<\/div>\n\t\t\t\t<div class=\"elementor-element elementor-element-cd53c40 elementor-invisible elementor-widget elementor-widget-image\" data-id=\"cd53c40\" data-element_type=\"widget\" data-e-type=\"widget\" data-settings=\"{&quot;_animation&quot;:&quot;fadeInRight&quot;}\" data-widget_type=\"image.default\">\n\t\t\t\t<div class=\"elementor-widget-container\">\n\t\t\t\t\t\t\t\t\t\t\t\t\t\t\t<img fetchpriority=\"high\" decoding=\"async\" width=\"808\" height=\"565\" src=\"https:\/\/smartsaleerp.com\/wp-content\/uploads\/2023\/01\/Electronic-Payments-Solutions-Images-SmartSale.jpg\" class=\"attachment-full size-full wp-image-1788\" alt=\"\" srcset=\"https:\/\/smartsaleerp.com\/wp-content\/uploads\/2023\/01\/Electronic-Payments-Solutions-Images-SmartSale.jpg 808w, https:\/\/smartsaleerp.com\/wp-content\/uploads\/2023\/01\/Electronic-Payments-Solutions-Images-SmartSale-300x210.jpg 300w, https:\/\/smartsaleerp.com\/wp-content\/uploads\/2023\/01\/Electronic-Payments-Solutions-Images-SmartSale-768x537.jpg 768w, https:\/\/smartsaleerp.com\/wp-content\/uploads\/2023\/01\/Electronic-Payments-Solutions-Images-SmartSale-18x12.jpg 18w, https:\/\/smartsaleerp.com\/wp-content\/uploads\/2023\/01\/Electronic-Payments-Solutions-Images-SmartSale-600x420.jpg 600w\" sizes=\"(max-width: 808px) 100vw, 808px\" \/>\t\t\t\t\t\t\t\t\t\t\t\t\t\t\t<\/div>\n\t\t\t\t<\/div>\n\t\t\t\t<\/div>\n\t\t\t\t\t<\/div>\n\t\t\t\t<\/div>\n\t\t<div class=\"elementor-element elementor-element-728fae6 e-flex e-con-boxed e-con e-parent\" data-id=\"728fae6\" data-element_type=\"container\" data-e-type=\"container\" data-settings=\"{&quot;_ha_eqh_enable&quot;:false}\">\n\t\t\t\t\t<div class=\"e-con-inner\">\n\t\t<div class=\"elementor-element elementor-element-9b44173 e-con-full e-flex e-con e-parent\" data-id=\"9b44173\" data-element_type=\"container\" data-e-type=\"container\" data-settings=\"{&quot;_ha_eqh_enable&quot;:false}\">\n\t\t\t\t<div class=\"elementor-element elementor-element-b73066f elementor-widget elementor-widget-icon-box\" data-id=\"b73066f\" data-element_type=\"widget\" data-e-type=\"widget\" data-widget_type=\"icon-box.default\">\n\t\t\t\t<div class=\"elementor-widget-container\">\n\t\t\t\t\t\t\t<div class=\"elementor-icon-box-wrapper\">\n\n\t\t\t\n\t\t\t\t\t\t<div class=\"elementor-icon-box-content\">\n\n\t\t\t\t\t\t\t\t\t<h3 class=\"elementor-icon-box-title\">\n\t\t\t\t\t\t<span  >\n\t\t\t\t\t\t\tLes paiements faciles sont tr\u00e8s importants dans toute entreprise.\t\t\t\t\t\t<\/span>\n\t\t\t\t\t<\/h3>\n\t\t\t\t\n\t\t\t\t\t\t\t\t\t<p class=\"elementor-icon-box-description\">\n\t\t\t\t\t\tR\u00e9duisez le stress de toujours recevoir de l&#039;argent et d&#039;avoir toujours de l&#039;argent qui manque. Facilitez-vous la t\u00e2che et celle de votre client en utilisant diff\u00e9rents modes de paiement lors de vos achats. Choisissez parmi les paiements par cartes, par mobile money, par ch\u00e8que et m\u00eame par cartes-cadeaux. Ne perdez jamais un client avec ces m\u00e9thodes de paiement. Permettre au client d&#039;acheter ce qu&#039;il veut et de payer par tous les moyens possibles. Collectez facilement les paiements de vos clients en leur offrant la plateforme pour payer leurs produits \u00e0 travers une vari\u00e9t\u00e9 d&#039;options.\t\t\t\t\t<\/p>\n\t\t\t\t\n\t\t\t<\/div>\n\t\t\t\n\t\t<\/div>\n\t\t\t\t\t\t<\/div>\n\t\t\t\t<\/div>\n\t\t\t\t<div class=\"elementor-element elementor-element-f1db8bf elementor-mobile-align-justify elementor-widget-mobile__width-inherit elementor-invisible elementor-widget elementor-widget-button\" data-id=\"f1db8bf\" data-element_type=\"widget\" data-e-type=\"widget\" data-settings=\"{&quot;_animation&quot;:&quot;fadeInUp&quot;}\" data-widget_type=\"button.default\">\n\t\t\t\t<div class=\"elementor-widget-container\">\n\t\t\t\t\t\t\t\t\t<div class=\"elementor-button-wrapper\">\n\t\t\t\t\t<a class=\"elementor-button elementor-button-link elementor-size-sm elementor-animation-grow\" href=\"https:\/\/smartsaleerp.com\/fr\/get-started\/\">\n\t\t\t\t\t\t<span class=\"elementor-button-content-wrapper\">\n\t\t\t\t\t\t\t\t\t<span class=\"elementor-button-text\">Commencer<\/span>\n\t\t\t\t\t<\/span>\n\t\t\t\t\t<\/a>\n\t\t\t\t<\/div>\n\t\t\t\t\t\t\t\t<\/div>\n\t\t\t\t<\/div>\n\t\t\t\t<div class=\"elementor-element elementor-element-b690ac0 elementor-mobile-align-justify elementor-widget-mobile__width-inherit animated-slow elementor-invisible elementor-widget elementor-widget-button\" data-id=\"b690ac0\" data-element_type=\"widget\" data-e-type=\"widget\" data-settings=\"{&quot;_animation&quot;:&quot;fadeInUp&quot;}\" data-widget_type=\"button.default\">\n\t\t\t\t<div class=\"elementor-widget-container\">\n\t\t\t\t\t\t\t\t\t<div class=\"elementor-button-wrapper\">\n\t\t\t\t\t<a class=\"elementor-button elementor-button-link elementor-size-sm elementor-animation-grow\" href=\"https:\/\/wa.me\/233502568698\">\n\t\t\t\t\t\t<span class=\"elementor-button-content-wrapper\">\n\t\t\t\t\t\t<span class=\"elementor-button-icon\">\n\t\t\t\t<i aria-hidden=\"true\" class=\"fab fa-whatsapp\"><\/i>\t\t\t<\/span>\n\t\t\t\t\t\t\t\t\t<span class=\"elementor-button-text\">Parlez avec un expert<\/span>\n\t\t\t\t\t<\/span>\n\t\t\t\t\t<\/a>\n\t\t\t\t<\/div>\n\t\t\t\t\t\t\t\t<\/div>\n\t\t\t\t<\/div>\n\t\t\t\t<\/div>\n\t\t<div class=\"elementor-element elementor-element-c813677 e-con-full e-flex e-con e-parent\" data-id=\"c813677\" data-element_type=\"container\" data-e-type=\"container\" data-settings=\"{&quot;_ha_eqh_enable&quot;:false}\">\n\t\t\t\t<div class=\"elementor-element elementor-element-56e42a9 elementor-widget__width-initial elementor-widget-laptop__width-inherit animated-slow elementor-invisible elementor-widget elementor-widget-image\" data-id=\"56e42a9\" data-element_type=\"widget\" data-e-type=\"widget\" data-settings=\"{&quot;_animation&quot;:&quot;fadeInUp&quot;}\" data-widget_type=\"image.default\">\n\t\t\t\t<div class=\"elementor-widget-container\">\n\t\t\t\t\t\t\t\t\t\t\t\t\t\t\t<img decoding=\"async\" width=\"468\" height=\"618\" src=\"https:\/\/smartsaleerp.com\/wp-content\/uploads\/2023\/01\/Electronic-Payments-Features-Image-Design-SmartSale-ERP-min.png\" class=\"attachment-full size-full wp-image-2247\" alt=\"\" srcset=\"https:\/\/smartsaleerp.com\/wp-content\/uploads\/2023\/01\/Electronic-Payments-Features-Image-Design-SmartSale-ERP-min.png 468w, https:\/\/smartsaleerp.com\/wp-content\/uploads\/2023\/01\/Electronic-Payments-Features-Image-Design-SmartSale-ERP-min-227x300.png 227w, https:\/\/smartsaleerp.com\/wp-content\/uploads\/2023\/01\/Electronic-Payments-Features-Image-Design-SmartSale-ERP-min-9x12.png 9w\" sizes=\"(max-width: 468px) 100vw, 468px\" \/>\t\t\t\t\t\t\t\t\t\t\t\t\t\t\t<\/div>\n\t\t\t\t<\/div>\n\t\t\t\t<\/div>\n\t\t\t\t\t<\/div>\n\t\t\t\t<\/div>\n\t\t\t\t<\/div>","protected":false},"excerpt":{"rendered":"<p>Electronic Payments Home Easy payments are very important in any business. Cut down the stress of always receiving cash and always having money going missing. Make it easier for you and your customer by using various payment methods during purchases. Choose from payments through cards, mobile money, and cheque and even through gift cards. Never [&hellip;]<\/p>\n","protected":false},"author":1,"featured_media":1788,"parent":0,"menu_order":17,"comment_status":"closed","ping_status":"closed","template":"elementor_header_footer","meta":{"footnotes":""},"class_list":["post-2152","page","type-page","status-publish","has-post-thumbnail","hentry"],"_links":{"self":[{"href":"https:\/\/smartsaleerp.com\/fr\/wp-json\/wp\/v2\/pages\/2152","targetHints":{"allow":["GET"]}}],"collection":[{"href":"https:\/\/smartsaleerp.com\/fr\/wp-json\/wp\/v2\/pages"}],"about":[{"href":"https:\/\/smartsaleerp.com\/fr\/wp-json\/wp\/v2\/types\/page"}],"author":[{"embeddable":true,"href":"https:\/\/smartsaleerp.com\/fr\/wp-json\/wp\/v2\/users\/1"}],"replies":[{"embeddable":true,"href":"https:\/\/smartsaleerp.com\/fr\/wp-json\/wp\/v2\/comments?post=2152"}],"version-history":[{"count":0,"href":"https:\/\/smartsaleerp.com\/fr\/wp-json\/wp\/v2\/pages\/2152\/revisions"}],"wp:featuredmedia":[{"embeddable":true,"href":"https:\/\/smartsaleerp.com\/fr\/wp-json\/wp\/v2\/media\/1788"}],"wp:attachment":[{"href":"https:\/\/smartsaleerp.com\/fr\/wp-json\/wp\/v2\/media?parent=2152"}],"curies":[{"name":"wp","href":"https:\/\/api.w.org\/{rel}","templated":true}]}}