
{"id":2145,"date":"2023-01-19T15:21:05","date_gmt":"2023-01-19T15:21:05","guid":{"rendered":"https:\/\/smartsaleerp.com\/?page_id=2145"},"modified":"2023-02-04T23:23:38","modified_gmt":"2023-02-04T23:23:38","slug":"integrated-point-of-sale","status":"publish","type":"page","link":"https:\/\/smartsaleerp.com\/fr\/integrated-point-of-sale\/","title":{"rendered":"Point de vente int\u00e9gr\u00e9"},"content":{"rendered":"<div data-elementor-type=\"wp-page\" data-elementor-id=\"2145\" class=\"elementor elementor-2145\" data-elementor-settings=\"{&quot;ha_cmc_init_switcher&quot;:&quot;no&quot;}\" data-elementor-post-type=\"page\">\n\t\t\t\t<div class=\"elementor-element elementor-element-761fe97 e-flex e-con-boxed e-con e-parent\" data-id=\"761fe97\" data-element_type=\"container\" data-e-type=\"container\" data-settings=\"{&quot;background_background&quot;:&quot;classic&quot;,&quot;_ha_eqh_enable&quot;:false}\">\n\t\t\t\t\t<div class=\"e-con-inner\">\n\t\t<div class=\"elementor-element elementor-element-15592d9 e-con-full e-flex e-con e-parent\" data-id=\"15592d9\" data-element_type=\"container\" data-e-type=\"container\" data-settings=\"{&quot;_ha_eqh_enable&quot;:false}\">\n\t\t\t\t<div class=\"elementor-element elementor-element-55a7d1b elementor-widget-mobile__width-inherit elementor-widget-tablet__width-inherit animated-fast elementor-invisible elementor-widget elementor-widget-heading\" data-id=\"55a7d1b\" data-element_type=\"widget\" data-e-type=\"widget\" data-settings=\"{&quot;_animation&quot;:&quot;fadeInUp&quot;}\" data-widget_type=\"heading.default\">\n\t\t\t\t<div class=\"elementor-widget-container\">\n\t\t\t\t\t<h2 class=\"elementor-heading-title elementor-size-default\">Int\u00e9gr\u00e9<br> Point de vente<\/h2>\t\t\t\t<\/div>\n\t\t\t\t<\/div>\n\t\t\t\t<div class=\"elementor-element elementor-element-874a7e3 elementor-icon-list--layout-inline elementor-widget__width-inherit elementor-mobile_extra-align-center animated-slow elementor-tablet-align-center elementor-list-item-link-full_width elementor-invisible elementor-widget elementor-widget-icon-list\" data-id=\"874a7e3\" data-element_type=\"widget\" data-e-type=\"widget\" data-settings=\"{&quot;_animation&quot;:&quot;fadeInUp&quot;}\" data-widget_type=\"icon-list.default\">\n\t\t\t\t<div class=\"elementor-widget-container\">\n\t\t\t\t\t\t\t<ul class=\"elementor-icon-list-items elementor-inline-items\">\n\t\t\t\t\t\t\t<li class=\"elementor-icon-list-item elementor-inline-item\">\n\t\t\t\t\t\t\t\t\t\t\t<a href=\"https:\/\/smartsaleerp.com\/fr\">\n\n\t\t\t\t\t\t\t\t\t\t\t<span class=\"elementor-icon-list-text\">Domicile<\/span>\n\t\t\t\t\t\t\t\t\t\t\t<\/a>\n\t\t\t\t\t\t\t\t\t<\/li>\n\t\t\t\t\t\t\t\t<li class=\"elementor-icon-list-item elementor-inline-item\">\n\t\t\t\t\t\t\t\t\t\t\t<span class=\"elementor-icon-list-icon\">\n\t\t\t\t\t\t\t<i aria-hidden=\"true\" class=\"fas fa-angle-right\"><\/i>\t\t\t\t\t\t<\/span>\n\t\t\t\t\t\t\t\t\t\t<span class=\"elementor-icon-list-text\"><\/span>\n\t\t\t\t\t\t\t\t\t<\/li>\n\t\t\t\t\t\t<\/ul>\n\t\t\t\t\t\t<\/div>\n\t\t\t\t<\/div>\n\t\t\t\t<\/div>\n\t\t<div class=\"elementor-element elementor-element-68ec465 e-con-full e-flex e-con e-parent\" data-id=\"68ec465\" data-element_type=\"container\" data-e-type=\"container\" data-settings=\"{&quot;_ha_eqh_enable&quot;:false}\">\n\t\t\t\t<div class=\"elementor-element elementor-element-d05b602 elementor-widget__width-auto elementor-absolute elementor-view-default elementor-widget elementor-widget-icon\" data-id=\"d05b602\" data-element_type=\"widget\" data-e-type=\"widget\" data-settings=\"{&quot;_position&quot;:&quot;absolute&quot;}\" data-widget_type=\"icon.default\">\n\t\t\t\t<div class=\"elementor-widget-container\">\n\t\t\t\t\t\t\t<div class=\"elementor-icon-wrapper\">\n\t\t\t<div class=\"elementor-icon\">\n\t\t\t<svg xmlns=\"http:\/\/www.w3.org\/2000\/svg\" width=\"202\" height=\"248\" viewbox=\"0 0 202 248\" fill=\"none\"><g opacity=\"0.33\"><rect width=\"11.96\" height=\"11.5751\" rx=\"5.78753\" fill=\"#E10404\" fill-opacity=\"0.15\"><\/rect><rect y=\"105.041\" width=\"11.96\" height=\"11.5751\" rx=\"5.78753\" fill=\"#E10404\" fill-opacity=\"0.15\"><\/rect><rect y=\"52.5208\" width=\"11.96\" height=\"11.5751\" rx=\"5.78753\" fill=\"#E10404\" fill-opacity=\"0.15\"><\/rect><rect y=\"157.562\" width=\"11.96\" height=\"11.5751\" rx=\"5.78753\" fill=\"#E10404\" fill-opacity=\"0.15\"><\/rect><rect y=\"210.083\" width=\"11.96\" height=\"11.5751\" rx=\"5.78753\" fill=\"#E10404\" fill-opacity=\"0.15\"><\/rect><rect y=\"26.2603\" width=\"11.96\" height=\"11.5751\" rx=\"5.78753\" fill=\"#E10404\" fill-opacity=\"0.15\"><\/rect><rect y=\"131.302\" width=\"11.96\" height=\"11.5751\" rx=\"5.78753\" fill=\"#E10404\" fill-opacity=\"0.15\"><\/rect><rect y=\"78.781\" width=\"11.96\" height=\"11.5751\" rx=\"5.78753\" fill=\"#E10404\" fill-opacity=\"0.15\"><\/rect><rect y=\"183.822\" width=\"11.96\" height=\"11.5751\" rx=\"5.78753\" fill=\"#E10404\" fill-opacity=\"0.15\"><\/rect><rect y=\"236.343\" width=\"11.96\" height=\"11.5751\" rx=\"5.78753\" fill=\"#E10404\" fill-opacity=\"0.15\"><\/rect><rect x=\"108.535\" width=\"11.96\" height=\"11.5751\" rx=\"5.78753\" fill=\"#E10404\" fill-opacity=\"0.15\"><\/rect><rect x=\"108.535\" y=\"105.041\" width=\"11.96\" height=\"11.5751\" rx=\"5.78753\" fill=\"#E10404\" fill-opacity=\"0.15\"><\/rect><rect x=\"108.535\" y=\"52.5208\" width=\"11.96\" height=\"11.5751\" rx=\"5.78753\" fill=\"#E10404\" fill-opacity=\"0.15\"><\/rect><rect x=\"108.535\" y=\"157.562\" width=\"11.96\" height=\"11.5751\" rx=\"5.78753\" fill=\"#E10404\" fill-opacity=\"0.15\"><\/rect><rect x=\"108.535\" y=\"210.083\" width=\"11.96\" height=\"11.5751\" rx=\"5.78753\" fill=\"#E10404\" fill-opacity=\"0.15\"><\/rect><rect x=\"108.535\" y=\"26.2603\" width=\"11.96\" height=\"11.5751\" rx=\"5.78753\" fill=\"#E10404\" fill-opacity=\"0.15\"><\/rect><rect x=\"108.535\" y=\"131.302\" width=\"11.96\" height=\"11.5751\" rx=\"5.78753\" fill=\"#E10404\" fill-opacity=\"0.15\"><\/rect><rect x=\"108.535\" y=\"78.781\" width=\"11.96\" height=\"11.5751\" rx=\"5.78753\" fill=\"#E10404\" fill-opacity=\"0.15\"><\/rect><rect x=\"108.535\" y=\"183.822\" width=\"11.96\" height=\"11.5751\" rx=\"5.78753\" fill=\"#E10404\" fill-opacity=\"0.15\"><\/rect><rect x=\"108.535\" y=\"236.343\" width=\"11.96\" height=\"11.5751\" rx=\"5.78753\" fill=\"#E10404\" fill-opacity=\"0.15\"><\/rect><rect x=\"54.2676\" width=\"11.96\" height=\"11.5751\" rx=\"5.78753\" fill=\"#E10404\" fill-opacity=\"0.15\"><\/rect><rect x=\"54.2676\" y=\"105.041\" width=\"11.96\" height=\"11.5751\" rx=\"5.78753\" fill=\"#E10404\" fill-opacity=\"0.15\"><\/rect><rect x=\"54.2676\" y=\"52.5208\" width=\"11.96\" height=\"11.5751\" rx=\"5.78753\" fill=\"#E10404\" fill-opacity=\"0.15\"><\/rect><rect x=\"54.2676\" y=\"157.562\" width=\"11.96\" height=\"11.5751\" rx=\"5.78753\" fill=\"#E10404\" fill-opacity=\"0.15\"><\/rect><rect x=\"54.2676\" y=\"210.083\" width=\"11.96\" height=\"11.5751\" rx=\"5.78753\" fill=\"#E10404\" fill-opacity=\"0.15\"><\/rect><rect x=\"54.2676\" y=\"26.2603\" width=\"11.96\" height=\"11.5751\" rx=\"5.78753\" fill=\"#E10404\" fill-opacity=\"0.15\"><\/rect><rect x=\"54.2676\" y=\"131.302\" width=\"11.96\" height=\"11.5751\" rx=\"5.78753\" fill=\"#E10404\" fill-opacity=\"0.15\"><\/rect><rect x=\"54.2676\" y=\"78.781\" width=\"11.96\" height=\"11.5751\" rx=\"5.78753\" fill=\"#E10404\" fill-opacity=\"0.15\"><\/rect><rect x=\"54.2676\" y=\"183.822\" width=\"11.96\" height=\"11.5751\" rx=\"5.78753\" fill=\"#E10404\" fill-opacity=\"0.15\"><\/rect><rect x=\"54.2676\" y=\"236.343\" width=\"11.96\" height=\"11.5751\" rx=\"5.78753\" fill=\"#E10404\" fill-opacity=\"0.15\"><\/rect><rect x=\"162.802\" width=\"11.96\" height=\"11.5751\" rx=\"5.78753\" fill=\"#E10404\" fill-opacity=\"0.15\"><\/rect><rect x=\"162.802\" y=\"105.041\" width=\"11.96\" height=\"11.5751\" rx=\"5.78753\" fill=\"#E10404\" fill-opacity=\"0.15\"><\/rect><rect x=\"162.802\" y=\"52.5208\" width=\"11.96\" height=\"11.5751\" rx=\"5.78753\" fill=\"#E10404\" fill-opacity=\"0.15\"><\/rect><rect x=\"162.802\" y=\"157.562\" width=\"11.96\" height=\"11.5751\" rx=\"5.78753\" fill=\"#E10404\" fill-opacity=\"0.15\"><\/rect><rect x=\"162.802\" y=\"210.083\" width=\"11.96\" height=\"11.5751\" rx=\"5.78753\" fill=\"#E10404\" fill-opacity=\"0.15\"><\/rect><rect x=\"162.802\" y=\"26.2603\" width=\"11.96\" height=\"11.5751\" rx=\"5.78753\" fill=\"#E10404\" fill-opacity=\"0.15\"><\/rect><rect x=\"162.802\" y=\"131.302\" width=\"11.96\" height=\"11.5751\" rx=\"5.78753\" fill=\"#E10404\" fill-opacity=\"0.15\"><\/rect><rect x=\"162.802\" y=\"78.781\" width=\"11.96\" height=\"11.5751\" rx=\"5.78753\" fill=\"#E10404\" fill-opacity=\"0.15\"><\/rect><rect x=\"162.802\" y=\"183.822\" width=\"11.96\" height=\"11.5751\" rx=\"5.78753\" fill=\"#E10404\" fill-opacity=\"0.15\"><\/rect><rect x=\"162.802\" y=\"236.343\" width=\"11.96\" height=\"11.5751\" rx=\"5.78753\" fill=\"#E10404\" fill-opacity=\"0.15\"><\/rect><rect x=\"27.1333\" width=\"11.96\" height=\"11.5751\" rx=\"5.78753\" fill=\"#E10404\" fill-opacity=\"0.15\"><\/rect><rect x=\"27.1333\" y=\"105.041\" width=\"11.96\" height=\"11.5751\" rx=\"5.78753\" fill=\"#E10404\" fill-opacity=\"0.15\"><\/rect><rect x=\"27.1333\" y=\"52.5208\" width=\"11.96\" height=\"11.5751\" rx=\"5.78753\" fill=\"#E10404\" fill-opacity=\"0.15\"><\/rect><rect x=\"27.1333\" y=\"157.562\" width=\"11.96\" height=\"11.5751\" rx=\"5.78753\" fill=\"#E10404\" fill-opacity=\"0.15\"><\/rect><rect x=\"27.1333\" y=\"210.083\" width=\"11.96\" height=\"11.5751\" rx=\"5.78753\" fill=\"#E10404\" fill-opacity=\"0.15\"><\/rect><rect x=\"27.1333\" y=\"26.2603\" width=\"11.96\" height=\"11.5751\" rx=\"5.78753\" fill=\"#E10404\" fill-opacity=\"0.15\"><\/rect><rect x=\"27.1333\" y=\"131.302\" width=\"11.96\" height=\"11.5751\" rx=\"5.78753\" fill=\"#E10404\" fill-opacity=\"0.15\"><\/rect><rect x=\"27.1333\" y=\"78.781\" width=\"11.96\" height=\"11.5751\" rx=\"5.78753\" fill=\"#E10404\" fill-opacity=\"0.15\"><\/rect><rect x=\"27.1333\" y=\"183.822\" width=\"11.96\" height=\"11.5751\" rx=\"5.78753\" fill=\"#E10404\" fill-opacity=\"0.15\"><\/rect><rect x=\"27.1333\" y=\"236.343\" width=\"11.96\" height=\"11.5751\" rx=\"5.78753\" fill=\"#E10404\" fill-opacity=\"0.15\"><\/rect><rect x=\"135.668\" width=\"11.96\" height=\"11.5751\" rx=\"5.78753\" fill=\"#E10404\" fill-opacity=\"0.15\"><\/rect><rect x=\"135.668\" y=\"105.041\" width=\"11.96\" height=\"11.5751\" rx=\"5.78753\" fill=\"#E10404\" fill-opacity=\"0.15\"><\/rect><rect x=\"135.668\" y=\"52.5208\" width=\"11.96\" height=\"11.5751\" rx=\"5.78753\" fill=\"#E10404\" fill-opacity=\"0.15\"><\/rect><rect x=\"135.668\" y=\"157.562\" width=\"11.96\" height=\"11.5751\" rx=\"5.78753\" fill=\"#E10404\" fill-opacity=\"0.15\"><\/rect><rect x=\"135.668\" y=\"210.083\" width=\"11.96\" height=\"11.5751\" rx=\"5.78753\" fill=\"#E10404\" fill-opacity=\"0.15\"><\/rect><rect x=\"135.668\" y=\"26.2603\" width=\"11.96\" height=\"11.5751\" rx=\"5.78753\" fill=\"#E10404\" fill-opacity=\"0.15\"><\/rect><rect x=\"135.668\" y=\"131.302\" width=\"11.96\" height=\"11.5751\" rx=\"5.78753\" fill=\"#E10404\" fill-opacity=\"0.15\"><\/rect><rect x=\"135.668\" y=\"78.781\" width=\"11.96\" height=\"11.5751\" rx=\"5.78753\" fill=\"#E10404\" fill-opacity=\"0.15\"><\/rect><rect x=\"135.668\" y=\"183.822\" width=\"11.96\" height=\"11.5751\" rx=\"5.78753\" fill=\"#E10404\" fill-opacity=\"0.15\"><\/rect><rect x=\"135.668\" y=\"236.343\" width=\"11.96\" height=\"11.5751\" rx=\"5.78753\" fill=\"#E10404\" fill-opacity=\"0.15\"><\/rect><rect x=\"81.4009\" width=\"11.96\" height=\"11.5751\" rx=\"5.78753\" fill=\"#E10404\" fill-opacity=\"0.15\"><\/rect><rect x=\"81.4009\" y=\"105.041\" width=\"11.96\" height=\"11.5751\" rx=\"5.78753\" fill=\"#E10404\" fill-opacity=\"0.15\"><\/rect><rect x=\"81.4009\" y=\"52.5208\" width=\"11.96\" height=\"11.5751\" rx=\"5.78753\" fill=\"#E10404\" fill-opacity=\"0.15\"><\/rect><rect x=\"81.4009\" y=\"157.562\" width=\"11.96\" height=\"11.5751\" rx=\"5.78753\" fill=\"#E10404\" fill-opacity=\"0.15\"><\/rect><rect x=\"81.4009\" y=\"210.083\" width=\"11.96\" height=\"11.5751\" rx=\"5.78753\" fill=\"#E10404\" fill-opacity=\"0.15\"><\/rect><rect x=\"81.4009\" y=\"26.2603\" width=\"11.96\" height=\"11.5751\" rx=\"5.78753\" fill=\"#E10404\" fill-opacity=\"0.15\"><\/rect><rect x=\"81.4009\" y=\"131.302\" width=\"11.96\" height=\"11.5751\" rx=\"5.78753\" fill=\"#E10404\" fill-opacity=\"0.15\"><\/rect><rect x=\"81.4009\" y=\"78.781\" width=\"11.96\" height=\"11.5751\" rx=\"5.78753\" fill=\"#E10404\" fill-opacity=\"0.15\"><\/rect><rect x=\"81.4009\" y=\"183.822\" width=\"11.96\" height=\"11.5751\" rx=\"5.78753\" fill=\"#E10404\" fill-opacity=\"0.15\"><\/rect><rect x=\"81.4009\" y=\"236.343\" width=\"11.96\" height=\"11.5751\" rx=\"5.78753\" fill=\"#E10404\" fill-opacity=\"0.15\"><\/rect><rect x=\"189.936\" width=\"11.96\" height=\"11.5751\" rx=\"5.78753\" fill=\"#E10404\" fill-opacity=\"0.15\"><\/rect><rect x=\"189.936\" y=\"105.041\" width=\"11.96\" height=\"11.5751\" rx=\"5.78753\" fill=\"#E10404\" fill-opacity=\"0.15\"><\/rect><rect x=\"189.936\" y=\"52.5208\" width=\"11.96\" height=\"11.5751\" rx=\"5.78753\" fill=\"#E10404\" fill-opacity=\"0.15\"><\/rect><rect x=\"189.936\" y=\"157.562\" width=\"11.96\" height=\"11.5751\" rx=\"5.78753\" fill=\"#E10404\" fill-opacity=\"0.15\"><\/rect><rect x=\"189.936\" y=\"210.083\" width=\"11.96\" height=\"11.5751\" rx=\"5.78753\" fill=\"#E10404\" fill-opacity=\"0.15\"><\/rect><rect x=\"189.936\" y=\"26.2603\" width=\"11.96\" height=\"11.5751\" rx=\"5.78753\" fill=\"#E10404\" fill-opacity=\"0.15\"><\/rect><rect x=\"189.936\" y=\"131.302\" width=\"11.96\" height=\"11.5751\" rx=\"5.78753\" fill=\"#E10404\" fill-opacity=\"0.15\"><\/rect><rect x=\"189.936\" y=\"78.781\" width=\"11.96\" height=\"11.5751\" rx=\"5.78753\" fill=\"#E10404\" fill-opacity=\"0.15\"><\/rect><rect x=\"189.936\" y=\"183.822\" width=\"11.96\" height=\"11.5751\" rx=\"5.78753\" fill=\"#E10404\" fill-opacity=\"0.15\"><\/rect><rect x=\"189.936\" y=\"236.343\" width=\"11.96\" height=\"11.5751\" rx=\"5.78753\" fill=\"#E10404\" fill-opacity=\"0.15\"><\/rect><\/g><\/svg>\t\t\t<\/div>\n\t\t<\/div>\n\t\t\t\t\t\t<\/div>\n\t\t\t\t<\/div>\n\t\t\t\t<div class=\"elementor-element elementor-element-d34e072 elementor-invisible elementor-widget elementor-widget-image\" data-id=\"d34e072\" data-element_type=\"widget\" data-e-type=\"widget\" data-settings=\"{&quot;_animation&quot;:&quot;fadeInRight&quot;}\" data-widget_type=\"image.default\">\n\t\t\t\t<div class=\"elementor-widget-container\">\n\t\t\t\t\t\t\t\t\t\t\t\t\t\t\t<img fetchpriority=\"high\" decoding=\"async\" width=\"787\" height=\"468\" src=\"https:\/\/smartsaleerp.com\/wp-content\/uploads\/2023\/01\/Integrated-Point-of-Sale-Breadcrumb-Image-SMARTSALE-ERP-min.png\" class=\"attachment-full size-full wp-image-2147\" alt=\"\" srcset=\"https:\/\/smartsaleerp.com\/wp-content\/uploads\/2023\/01\/Integrated-Point-of-Sale-Breadcrumb-Image-SMARTSALE-ERP-min.png 787w, https:\/\/smartsaleerp.com\/wp-content\/uploads\/2023\/01\/Integrated-Point-of-Sale-Breadcrumb-Image-SMARTSALE-ERP-min-300x178.png 300w, https:\/\/smartsaleerp.com\/wp-content\/uploads\/2023\/01\/Integrated-Point-of-Sale-Breadcrumb-Image-SMARTSALE-ERP-min-768x457.png 768w, https:\/\/smartsaleerp.com\/wp-content\/uploads\/2023\/01\/Integrated-Point-of-Sale-Breadcrumb-Image-SMARTSALE-ERP-min-18x12.png 18w, https:\/\/smartsaleerp.com\/wp-content\/uploads\/2023\/01\/Integrated-Point-of-Sale-Breadcrumb-Image-SMARTSALE-ERP-min-600x357.png 600w\" sizes=\"(max-width: 787px) 100vw, 787px\" \/>\t\t\t\t\t\t\t\t\t\t\t\t\t\t\t<\/div>\n\t\t\t\t<\/div>\n\t\t\t\t<\/div>\n\t\t\t\t\t<\/div>\n\t\t\t\t<\/div>\n\t\t<div class=\"elementor-element elementor-element-9ba01d2 e-flex e-con-boxed e-con e-parent\" data-id=\"9ba01d2\" data-element_type=\"container\" data-e-type=\"container\" data-settings=\"{&quot;_ha_eqh_enable&quot;:false}\">\n\t\t\t\t\t<div class=\"e-con-inner\">\n\t\t<div class=\"elementor-element elementor-element-0e4fb0e e-con-full e-flex e-con e-parent\" data-id=\"0e4fb0e\" data-element_type=\"container\" data-e-type=\"container\" data-settings=\"{&quot;_ha_eqh_enable&quot;:false}\">\n\t\t\t\t<div class=\"elementor-element elementor-element-032171f elementor-widget elementor-widget-icon-box\" data-id=\"032171f\" data-element_type=\"widget\" data-e-type=\"widget\" data-widget_type=\"icon-box.default\">\n\t\t\t\t<div class=\"elementor-widget-container\">\n\t\t\t\t\t\t\t<div class=\"elementor-icon-box-wrapper\">\n\n\t\t\t\n\t\t\t\t\t\t<div class=\"elementor-icon-box-content\">\n\n\t\t\t\t\t\t\t\t\t<h3 class=\"elementor-icon-box-title\">\n\t\t\t\t\t\t<span  >\n\t\t\t\t\t\t\tD\u00e9veloppez votre entreprise avec un point de vente personnalis\u00e9 qui s&#039;adapte aux flexibilit\u00e9s qui accompagnent la vente au d\u00e9tail de biens et de services.\t\t\t\t\t\t<\/span>\n\t\t\t\t\t<\/h3>\n\t\t\t\t\n\t\t\t\t\t\t\t\t\t<p class=\"elementor-icon-box-description\">\n\t\t\t\t\t\t\u00c0 partir d&#039;un emplacement central, vendez et g\u00e9rez vos produits et services, utilisez les raccourcis de vos produits sur l&#039;interface du point de vente pour faciliter la recherche d&#039;articles et la vente, appliquez divers programmes de r\u00e9compenses aux produits et services, choisissez parmi une gamme d&#039;options de paiement, y compris argent mobile, paiements par carte, etc.\u00a0; transf\u00e9rer des marchandises vers d&#039;autres succursales, cr\u00e9er des commandes pour les clients et g\u00e9n\u00e9rer des factures, des devis et des factures pour les commandes.\t\t\t\t\t<\/p>\n\t\t\t\t\n\t\t\t<\/div>\n\t\t\t\n\t\t<\/div>\n\t\t\t\t\t\t<\/div>\n\t\t\t\t<\/div>\n\t\t\t\t<div class=\"elementor-element elementor-element-8dcd663 elementor-mobile-align-justify elementor-widget-mobile__width-inherit animated-fast elementor-invisible elementor-widget elementor-widget-button\" data-id=\"8dcd663\" data-element_type=\"widget\" data-e-type=\"widget\" data-settings=\"{&quot;_animation&quot;:&quot;fadeInUp&quot;}\" data-widget_type=\"button.default\">\n\t\t\t\t<div class=\"elementor-widget-container\">\n\t\t\t\t\t\t\t\t\t<div class=\"elementor-button-wrapper\">\n\t\t\t\t\t<a class=\"elementor-button elementor-button-link elementor-size-sm elementor-animation-grow\" href=\"https:\/\/smartsaleerp.com\/fr\/get-started\/\">\n\t\t\t\t\t\t<span class=\"elementor-button-content-wrapper\">\n\t\t\t\t\t\t\t\t\t<span class=\"elementor-button-text\">Commencer<\/span>\n\t\t\t\t\t<\/span>\n\t\t\t\t\t<\/a>\n\t\t\t\t<\/div>\n\t\t\t\t\t\t\t\t<\/div>\n\t\t\t\t<\/div>\n\t\t\t\t<div class=\"elementor-element elementor-element-20362ce elementor-mobile-align-justify elementor-widget-mobile__width-inherit animated-slow elementor-invisible elementor-widget elementor-widget-button\" data-id=\"20362ce\" data-element_type=\"widget\" data-e-type=\"widget\" data-settings=\"{&quot;_animation&quot;:&quot;fadeInUp&quot;}\" data-widget_type=\"button.default\">\n\t\t\t\t<div class=\"elementor-widget-container\">\n\t\t\t\t\t\t\t\t\t<div class=\"elementor-button-wrapper\">\n\t\t\t\t\t<a class=\"elementor-button elementor-button-link elementor-size-sm elementor-animation-grow\" href=\"https:\/\/wa.me\/233502568698\">\n\t\t\t\t\t\t<span class=\"elementor-button-content-wrapper\">\n\t\t\t\t\t\t<span class=\"elementor-button-icon\">\n\t\t\t\t<i aria-hidden=\"true\" class=\"fab fa-whatsapp\"><\/i>\t\t\t<\/span>\n\t\t\t\t\t\t\t\t\t<span class=\"elementor-button-text\">Parlez avec un expert<\/span>\n\t\t\t\t\t<\/span>\n\t\t\t\t\t<\/a>\n\t\t\t\t<\/div>\n\t\t\t\t\t\t\t\t<\/div>\n\t\t\t\t<\/div>\n\t\t\t\t<\/div>\n\t\t<div class=\"elementor-element elementor-element-37611ed e-con-full e-flex e-con e-parent\" data-id=\"37611ed\" data-element_type=\"container\" data-e-type=\"container\" data-settings=\"{&quot;_ha_eqh_enable&quot;:false}\">\n\t\t\t\t<div class=\"elementor-element elementor-element-c45c417 elementor-widget__width-initial elementor-widget-laptop__width-inherit animated-slow elementor-invisible elementor-widget elementor-widget-image\" data-id=\"c45c417\" data-element_type=\"widget\" data-e-type=\"widget\" data-settings=\"{&quot;_animation&quot;:&quot;fadeInUp&quot;}\" data-widget_type=\"image.default\">\n\t\t\t\t<div class=\"elementor-widget-container\">\n\t\t\t\t\t\t\t\t\t\t\t\t\t\t\t<img decoding=\"async\" width=\"468\" height=\"618\" src=\"https:\/\/smartsaleerp.com\/wp-content\/uploads\/2023\/01\/Integrated-Point-of-Sale-Features-Image-Design-SmartSale-ERP-min.png\" class=\"attachment-full size-full wp-image-2169\" alt=\"\" srcset=\"https:\/\/smartsaleerp.com\/wp-content\/uploads\/2023\/01\/Integrated-Point-of-Sale-Features-Image-Design-SmartSale-ERP-min.png 468w, https:\/\/smartsaleerp.com\/wp-content\/uploads\/2023\/01\/Integrated-Point-of-Sale-Features-Image-Design-SmartSale-ERP-min-227x300.png 227w, https:\/\/smartsaleerp.com\/wp-content\/uploads\/2023\/01\/Integrated-Point-of-Sale-Features-Image-Design-SmartSale-ERP-min-9x12.png 9w\" sizes=\"(max-width: 468px) 100vw, 468px\" \/>\t\t\t\t\t\t\t\t\t\t\t\t\t\t\t<\/div>\n\t\t\t\t<\/div>\n\t\t\t\t<\/div>\n\t\t\t\t\t<\/div>\n\t\t\t\t<\/div>\n\t\t\t\t<\/div>","protected":false},"excerpt":{"rendered":"<p>Integrated Point of Sale Home Grow your business with a personalized POS that accommodates the flexibilities that come along with goods and service retail. From a central location, sell and manage your products and services, Use the shortcuts of your products on the POS interface to make it easier to find items and sell, apply [&hellip;]<\/p>\n","protected":false},"author":1,"featured_media":2147,"parent":0,"menu_order":14,"comment_status":"closed","ping_status":"closed","template":"elementor_header_footer","meta":{"footnotes":""},"class_list":["post-2145","page","type-page","status-publish","has-post-thumbnail","hentry"],"_links":{"self":[{"href":"https:\/\/smartsaleerp.com\/fr\/wp-json\/wp\/v2\/pages\/2145","targetHints":{"allow":["GET"]}}],"collection":[{"href":"https:\/\/smartsaleerp.com\/fr\/wp-json\/wp\/v2\/pages"}],"about":[{"href":"https:\/\/smartsaleerp.com\/fr\/wp-json\/wp\/v2\/types\/page"}],"author":[{"embeddable":true,"href":"https:\/\/smartsaleerp.com\/fr\/wp-json\/wp\/v2\/users\/1"}],"replies":[{"embeddable":true,"href":"https:\/\/smartsaleerp.com\/fr\/wp-json\/wp\/v2\/comments?post=2145"}],"version-history":[{"count":0,"href":"https:\/\/smartsaleerp.com\/fr\/wp-json\/wp\/v2\/pages\/2145\/revisions"}],"wp:featuredmedia":[{"embeddable":true,"href":"https:\/\/smartsaleerp.com\/fr\/wp-json\/wp\/v2\/media\/2147"}],"wp:attachment":[{"href":"https:\/\/smartsaleerp.com\/fr\/wp-json\/wp\/v2\/media?parent=2145"}],"curies":[{"name":"wp","href":"https:\/\/api.w.org\/{rel}","templated":true}]}}