
{"id":2148,"date":"2023-01-19T15:30:18","date_gmt":"2023-01-19T15:30:18","guid":{"rendered":"https:\/\/smartsaleerp.com\/?page_id=2148"},"modified":"2023-02-04T23:23:27","modified_gmt":"2023-02-04T23:23:27","slug":"inventory-management","status":"publish","type":"page","link":"https:\/\/smartsaleerp.com\/de\/inventory-management\/","title":{"rendered":"Bestandsverwaltung"},"content":{"rendered":"<div data-elementor-type=\"wp-page\" data-elementor-id=\"2148\" class=\"elementor elementor-2148\" data-elementor-settings=\"{&quot;ha_cmc_init_switcher&quot;:&quot;no&quot;}\" data-elementor-post-type=\"page\">\n\t\t\t\t<div class=\"elementor-element elementor-element-1cbb295 e-flex e-con-boxed e-con e-parent\" data-id=\"1cbb295\" data-element_type=\"container\" data-e-type=\"container\" data-settings=\"{&quot;background_background&quot;:&quot;classic&quot;,&quot;_ha_eqh_enable&quot;:false}\">\n\t\t\t\t\t<div class=\"e-con-inner\">\n\t\t<div class=\"elementor-element elementor-element-c8cdee0 e-con-full e-flex e-con e-parent\" data-id=\"c8cdee0\" data-element_type=\"container\" data-e-type=\"container\" data-settings=\"{&quot;_ha_eqh_enable&quot;:false}\">\n\t\t\t\t<div class=\"elementor-element elementor-element-66adccd elementor-widget-mobile__width-inherit elementor-widget-tablet__width-inherit animated-fast elementor-invisible elementor-widget elementor-widget-heading\" data-id=\"66adccd\" data-element_type=\"widget\" data-e-type=\"widget\" data-settings=\"{&quot;_animation&quot;:&quot;fadeInUp&quot;}\" data-widget_type=\"heading.default\">\n\t\t\t\t<div class=\"elementor-widget-container\">\n\t\t\t\t\t<h2 class=\"elementor-heading-title elementor-size-default\">\nBestandsverwaltung\n<\/h2>\t\t\t\t<\/div>\n\t\t\t\t<\/div>\n\t\t\t\t<div class=\"elementor-element elementor-element-968fb56 elementor-icon-list--layout-inline elementor-widget__width-inherit elementor-mobile_extra-align-center animated-slow elementor-tablet-align-center elementor-list-item-link-full_width elementor-invisible elementor-widget elementor-widget-icon-list\" data-id=\"968fb56\" data-element_type=\"widget\" data-e-type=\"widget\" data-settings=\"{&quot;_animation&quot;:&quot;fadeInUp&quot;}\" data-widget_type=\"icon-list.default\">\n\t\t\t\t<div class=\"elementor-widget-container\">\n\t\t\t\t\t\t\t<ul class=\"elementor-icon-list-items elementor-inline-items\">\n\t\t\t\t\t\t\t<li class=\"elementor-icon-list-item elementor-inline-item\">\n\t\t\t\t\t\t\t\t\t\t\t<a href=\"https:\/\/smartsaleerp.com\/de\">\n\n\t\t\t\t\t\t\t\t\t\t\t<span class=\"elementor-icon-list-text\">Heim<\/span>\n\t\t\t\t\t\t\t\t\t\t\t<\/a>\n\t\t\t\t\t\t\t\t\t<\/li>\n\t\t\t\t\t\t\t\t<li class=\"elementor-icon-list-item elementor-inline-item\">\n\t\t\t\t\t\t\t\t\t\t\t<span class=\"elementor-icon-list-icon\">\n\t\t\t\t\t\t\t<i aria-hidden=\"true\" class=\"fas fa-angle-right\"><\/i>\t\t\t\t\t\t<\/span>\n\t\t\t\t\t\t\t\t\t\t<span class=\"elementor-icon-list-text\"><\/span>\n\t\t\t\t\t\t\t\t\t<\/li>\n\t\t\t\t\t\t<\/ul>\n\t\t\t\t\t\t<\/div>\n\t\t\t\t<\/div>\n\t\t\t\t<\/div>\n\t\t<div class=\"elementor-element elementor-element-16cb4bd e-con-full e-flex e-con e-parent\" data-id=\"16cb4bd\" data-element_type=\"container\" data-e-type=\"container\" data-settings=\"{&quot;_ha_eqh_enable&quot;:false}\">\n\t\t\t\t<div class=\"elementor-element elementor-element-af7c6ce elementor-widget__width-auto elementor-absolute elementor-view-default elementor-widget elementor-widget-icon\" data-id=\"af7c6ce\" data-element_type=\"widget\" data-e-type=\"widget\" data-settings=\"{&quot;_position&quot;:&quot;absolute&quot;}\" data-widget_type=\"icon.default\">\n\t\t\t\t<div class=\"elementor-widget-container\">\n\t\t\t\t\t\t\t<div class=\"elementor-icon-wrapper\">\n\t\t\t<div class=\"elementor-icon\">\n\t\t\t<svg xmlns=\"http:\/\/www.w3.org\/2000\/svg\" width=\"202\" height=\"248\" viewbox=\"0 0 202 248\" fill=\"none\"><g opacity=\"0.33\"><rect width=\"11.96\" height=\"11.5751\" rx=\"5.78753\" fill=\"#E10404\" fill-opacity=\"0.15\"><\/rect><rect y=\"105.041\" width=\"11.96\" height=\"11.5751\" rx=\"5.78753\" fill=\"#E10404\" fill-opacity=\"0.15\"><\/rect><rect y=\"52.5208\" width=\"11.96\" height=\"11.5751\" rx=\"5.78753\" fill=\"#E10404\" fill-opacity=\"0.15\"><\/rect><rect y=\"157.562\" width=\"11.96\" height=\"11.5751\" rx=\"5.78753\" fill=\"#E10404\" fill-opacity=\"0.15\"><\/rect><rect y=\"210.083\" width=\"11.96\" height=\"11.5751\" rx=\"5.78753\" fill=\"#E10404\" fill-opacity=\"0.15\"><\/rect><rect y=\"26.2603\" width=\"11.96\" height=\"11.5751\" rx=\"5.78753\" fill=\"#E10404\" fill-opacity=\"0.15\"><\/rect><rect y=\"131.302\" width=\"11.96\" height=\"11.5751\" rx=\"5.78753\" fill=\"#E10404\" fill-opacity=\"0.15\"><\/rect><rect y=\"78.781\" width=\"11.96\" height=\"11.5751\" rx=\"5.78753\" fill=\"#E10404\" fill-opacity=\"0.15\"><\/rect><rect y=\"183.822\" width=\"11.96\" height=\"11.5751\" rx=\"5.78753\" fill=\"#E10404\" fill-opacity=\"0.15\"><\/rect><rect y=\"236.343\" width=\"11.96\" height=\"11.5751\" rx=\"5.78753\" fill=\"#E10404\" fill-opacity=\"0.15\"><\/rect><rect x=\"108.535\" width=\"11.96\" height=\"11.5751\" rx=\"5.78753\" fill=\"#E10404\" fill-opacity=\"0.15\"><\/rect><rect x=\"108.535\" y=\"105.041\" width=\"11.96\" height=\"11.5751\" rx=\"5.78753\" fill=\"#E10404\" fill-opacity=\"0.15\"><\/rect><rect x=\"108.535\" y=\"52.5208\" width=\"11.96\" height=\"11.5751\" rx=\"5.78753\" fill=\"#E10404\" fill-opacity=\"0.15\"><\/rect><rect x=\"108.535\" y=\"157.562\" width=\"11.96\" height=\"11.5751\" rx=\"5.78753\" fill=\"#E10404\" fill-opacity=\"0.15\"><\/rect><rect x=\"108.535\" y=\"210.083\" width=\"11.96\" height=\"11.5751\" rx=\"5.78753\" fill=\"#E10404\" fill-opacity=\"0.15\"><\/rect><rect x=\"108.535\" y=\"26.2603\" width=\"11.96\" height=\"11.5751\" rx=\"5.78753\" fill=\"#E10404\" fill-opacity=\"0.15\"><\/rect><rect x=\"108.535\" y=\"131.302\" width=\"11.96\" height=\"11.5751\" rx=\"5.78753\" fill=\"#E10404\" fill-opacity=\"0.15\"><\/rect><rect x=\"108.535\" y=\"78.781\" width=\"11.96\" height=\"11.5751\" rx=\"5.78753\" fill=\"#E10404\" fill-opacity=\"0.15\"><\/rect><rect x=\"108.535\" y=\"183.822\" width=\"11.96\" height=\"11.5751\" rx=\"5.78753\" fill=\"#E10404\" fill-opacity=\"0.15\"><\/rect><rect x=\"108.535\" y=\"236.343\" width=\"11.96\" height=\"11.5751\" rx=\"5.78753\" fill=\"#E10404\" fill-opacity=\"0.15\"><\/rect><rect x=\"54.2676\" width=\"11.96\" height=\"11.5751\" rx=\"5.78753\" fill=\"#E10404\" fill-opacity=\"0.15\"><\/rect><rect x=\"54.2676\" y=\"105.041\" width=\"11.96\" height=\"11.5751\" rx=\"5.78753\" fill=\"#E10404\" fill-opacity=\"0.15\"><\/rect><rect x=\"54.2676\" y=\"52.5208\" width=\"11.96\" height=\"11.5751\" rx=\"5.78753\" fill=\"#E10404\" fill-opacity=\"0.15\"><\/rect><rect x=\"54.2676\" y=\"157.562\" width=\"11.96\" height=\"11.5751\" rx=\"5.78753\" fill=\"#E10404\" fill-opacity=\"0.15\"><\/rect><rect x=\"54.2676\" y=\"210.083\" width=\"11.96\" height=\"11.5751\" rx=\"5.78753\" fill=\"#E10404\" fill-opacity=\"0.15\"><\/rect><rect x=\"54.2676\" y=\"26.2603\" width=\"11.96\" height=\"11.5751\" rx=\"5.78753\" fill=\"#E10404\" fill-opacity=\"0.15\"><\/rect><rect x=\"54.2676\" y=\"131.302\" width=\"11.96\" height=\"11.5751\" rx=\"5.78753\" fill=\"#E10404\" fill-opacity=\"0.15\"><\/rect><rect x=\"54.2676\" y=\"78.781\" width=\"11.96\" height=\"11.5751\" rx=\"5.78753\" fill=\"#E10404\" fill-opacity=\"0.15\"><\/rect><rect x=\"54.2676\" y=\"183.822\" width=\"11.96\" height=\"11.5751\" rx=\"5.78753\" fill=\"#E10404\" fill-opacity=\"0.15\"><\/rect><rect x=\"54.2676\" y=\"236.343\" width=\"11.96\" height=\"11.5751\" rx=\"5.78753\" fill=\"#E10404\" fill-opacity=\"0.15\"><\/rect><rect x=\"162.802\" width=\"11.96\" height=\"11.5751\" rx=\"5.78753\" fill=\"#E10404\" fill-opacity=\"0.15\"><\/rect><rect x=\"162.802\" y=\"105.041\" width=\"11.96\" height=\"11.5751\" rx=\"5.78753\" fill=\"#E10404\" fill-opacity=\"0.15\"><\/rect><rect x=\"162.802\" y=\"52.5208\" width=\"11.96\" height=\"11.5751\" rx=\"5.78753\" fill=\"#E10404\" fill-opacity=\"0.15\"><\/rect><rect x=\"162.802\" y=\"157.562\" width=\"11.96\" height=\"11.5751\" rx=\"5.78753\" fill=\"#E10404\" fill-opacity=\"0.15\"><\/rect><rect x=\"162.802\" y=\"210.083\" width=\"11.96\" height=\"11.5751\" rx=\"5.78753\" fill=\"#E10404\" fill-opacity=\"0.15\"><\/rect><rect x=\"162.802\" y=\"26.2603\" width=\"11.96\" height=\"11.5751\" rx=\"5.78753\" fill=\"#E10404\" fill-opacity=\"0.15\"><\/rect><rect x=\"162.802\" y=\"131.302\" width=\"11.96\" height=\"11.5751\" rx=\"5.78753\" fill=\"#E10404\" fill-opacity=\"0.15\"><\/rect><rect x=\"162.802\" y=\"78.781\" width=\"11.96\" height=\"11.5751\" rx=\"5.78753\" fill=\"#E10404\" fill-opacity=\"0.15\"><\/rect><rect x=\"162.802\" y=\"183.822\" width=\"11.96\" height=\"11.5751\" rx=\"5.78753\" fill=\"#E10404\" fill-opacity=\"0.15\"><\/rect><rect x=\"162.802\" y=\"236.343\" width=\"11.96\" height=\"11.5751\" rx=\"5.78753\" fill=\"#E10404\" fill-opacity=\"0.15\"><\/rect><rect x=\"27.1333\" width=\"11.96\" height=\"11.5751\" rx=\"5.78753\" fill=\"#E10404\" fill-opacity=\"0.15\"><\/rect><rect x=\"27.1333\" y=\"105.041\" width=\"11.96\" height=\"11.5751\" rx=\"5.78753\" fill=\"#E10404\" fill-opacity=\"0.15\"><\/rect><rect x=\"27.1333\" y=\"52.5208\" width=\"11.96\" height=\"11.5751\" rx=\"5.78753\" fill=\"#E10404\" fill-opacity=\"0.15\"><\/rect><rect x=\"27.1333\" y=\"157.562\" width=\"11.96\" height=\"11.5751\" rx=\"5.78753\" fill=\"#E10404\" fill-opacity=\"0.15\"><\/rect><rect x=\"27.1333\" y=\"210.083\" width=\"11.96\" height=\"11.5751\" rx=\"5.78753\" fill=\"#E10404\" fill-opacity=\"0.15\"><\/rect><rect x=\"27.1333\" y=\"26.2603\" width=\"11.96\" height=\"11.5751\" rx=\"5.78753\" fill=\"#E10404\" fill-opacity=\"0.15\"><\/rect><rect x=\"27.1333\" y=\"131.302\" width=\"11.96\" height=\"11.5751\" rx=\"5.78753\" fill=\"#E10404\" fill-opacity=\"0.15\"><\/rect><rect x=\"27.1333\" y=\"78.781\" width=\"11.96\" height=\"11.5751\" rx=\"5.78753\" fill=\"#E10404\" fill-opacity=\"0.15\"><\/rect><rect x=\"27.1333\" y=\"183.822\" width=\"11.96\" height=\"11.5751\" rx=\"5.78753\" fill=\"#E10404\" fill-opacity=\"0.15\"><\/rect><rect x=\"27.1333\" y=\"236.343\" width=\"11.96\" height=\"11.5751\" rx=\"5.78753\" fill=\"#E10404\" fill-opacity=\"0.15\"><\/rect><rect x=\"135.668\" width=\"11.96\" height=\"11.5751\" rx=\"5.78753\" fill=\"#E10404\" fill-opacity=\"0.15\"><\/rect><rect x=\"135.668\" y=\"105.041\" width=\"11.96\" height=\"11.5751\" rx=\"5.78753\" fill=\"#E10404\" fill-opacity=\"0.15\"><\/rect><rect x=\"135.668\" y=\"52.5208\" width=\"11.96\" height=\"11.5751\" rx=\"5.78753\" fill=\"#E10404\" fill-opacity=\"0.15\"><\/rect><rect x=\"135.668\" y=\"157.562\" width=\"11.96\" height=\"11.5751\" rx=\"5.78753\" fill=\"#E10404\" fill-opacity=\"0.15\"><\/rect><rect x=\"135.668\" y=\"210.083\" width=\"11.96\" height=\"11.5751\" rx=\"5.78753\" fill=\"#E10404\" fill-opacity=\"0.15\"><\/rect><rect x=\"135.668\" y=\"26.2603\" width=\"11.96\" height=\"11.5751\" rx=\"5.78753\" fill=\"#E10404\" fill-opacity=\"0.15\"><\/rect><rect x=\"135.668\" y=\"131.302\" width=\"11.96\" height=\"11.5751\" rx=\"5.78753\" fill=\"#E10404\" fill-opacity=\"0.15\"><\/rect><rect x=\"135.668\" y=\"78.781\" width=\"11.96\" height=\"11.5751\" rx=\"5.78753\" fill=\"#E10404\" fill-opacity=\"0.15\"><\/rect><rect x=\"135.668\" y=\"183.822\" width=\"11.96\" height=\"11.5751\" rx=\"5.78753\" fill=\"#E10404\" fill-opacity=\"0.15\"><\/rect><rect x=\"135.668\" y=\"236.343\" width=\"11.96\" height=\"11.5751\" rx=\"5.78753\" fill=\"#E10404\" fill-opacity=\"0.15\"><\/rect><rect x=\"81.4009\" width=\"11.96\" height=\"11.5751\" rx=\"5.78753\" fill=\"#E10404\" fill-opacity=\"0.15\"><\/rect><rect x=\"81.4009\" y=\"105.041\" width=\"11.96\" height=\"11.5751\" rx=\"5.78753\" fill=\"#E10404\" fill-opacity=\"0.15\"><\/rect><rect x=\"81.4009\" y=\"52.5208\" width=\"11.96\" height=\"11.5751\" rx=\"5.78753\" fill=\"#E10404\" fill-opacity=\"0.15\"><\/rect><rect x=\"81.4009\" y=\"157.562\" width=\"11.96\" height=\"11.5751\" rx=\"5.78753\" fill=\"#E10404\" fill-opacity=\"0.15\"><\/rect><rect x=\"81.4009\" y=\"210.083\" width=\"11.96\" height=\"11.5751\" rx=\"5.78753\" fill=\"#E10404\" fill-opacity=\"0.15\"><\/rect><rect x=\"81.4009\" y=\"26.2603\" width=\"11.96\" height=\"11.5751\" rx=\"5.78753\" fill=\"#E10404\" fill-opacity=\"0.15\"><\/rect><rect x=\"81.4009\" y=\"131.302\" width=\"11.96\" height=\"11.5751\" rx=\"5.78753\" fill=\"#E10404\" fill-opacity=\"0.15\"><\/rect><rect x=\"81.4009\" y=\"78.781\" width=\"11.96\" height=\"11.5751\" rx=\"5.78753\" fill=\"#E10404\" fill-opacity=\"0.15\"><\/rect><rect x=\"81.4009\" y=\"183.822\" width=\"11.96\" height=\"11.5751\" rx=\"5.78753\" fill=\"#E10404\" fill-opacity=\"0.15\"><\/rect><rect x=\"81.4009\" y=\"236.343\" width=\"11.96\" height=\"11.5751\" rx=\"5.78753\" fill=\"#E10404\" fill-opacity=\"0.15\"><\/rect><rect x=\"189.936\" width=\"11.96\" height=\"11.5751\" rx=\"5.78753\" fill=\"#E10404\" fill-opacity=\"0.15\"><\/rect><rect x=\"189.936\" y=\"105.041\" width=\"11.96\" height=\"11.5751\" rx=\"5.78753\" fill=\"#E10404\" fill-opacity=\"0.15\"><\/rect><rect x=\"189.936\" y=\"52.5208\" width=\"11.96\" height=\"11.5751\" rx=\"5.78753\" fill=\"#E10404\" fill-opacity=\"0.15\"><\/rect><rect x=\"189.936\" y=\"157.562\" width=\"11.96\" height=\"11.5751\" rx=\"5.78753\" fill=\"#E10404\" fill-opacity=\"0.15\"><\/rect><rect x=\"189.936\" y=\"210.083\" width=\"11.96\" height=\"11.5751\" rx=\"5.78753\" fill=\"#E10404\" fill-opacity=\"0.15\"><\/rect><rect x=\"189.936\" y=\"26.2603\" width=\"11.96\" height=\"11.5751\" rx=\"5.78753\" fill=\"#E10404\" fill-opacity=\"0.15\"><\/rect><rect x=\"189.936\" y=\"131.302\" width=\"11.96\" height=\"11.5751\" rx=\"5.78753\" fill=\"#E10404\" fill-opacity=\"0.15\"><\/rect><rect x=\"189.936\" y=\"78.781\" width=\"11.96\" height=\"11.5751\" rx=\"5.78753\" fill=\"#E10404\" fill-opacity=\"0.15\"><\/rect><rect x=\"189.936\" y=\"183.822\" width=\"11.96\" height=\"11.5751\" rx=\"5.78753\" fill=\"#E10404\" fill-opacity=\"0.15\"><\/rect><rect x=\"189.936\" y=\"236.343\" width=\"11.96\" height=\"11.5751\" rx=\"5.78753\" fill=\"#E10404\" fill-opacity=\"0.15\"><\/rect><\/g><\/svg>\t\t\t<\/div>\n\t\t<\/div>\n\t\t\t\t\t\t<\/div>\n\t\t\t\t<\/div>\n\t\t\t\t<div class=\"elementor-element elementor-element-8e7fabe elementor-invisible elementor-widget elementor-widget-image\" data-id=\"8e7fabe\" data-element_type=\"widget\" data-e-type=\"widget\" data-settings=\"{&quot;_animation&quot;:&quot;fadeInRight&quot;}\" data-widget_type=\"image.default\">\n\t\t\t\t<div class=\"elementor-widget-container\">\n\t\t\t\t\t\t\t\t\t\t\t\t\t\t\t<img fetchpriority=\"high\" decoding=\"async\" width=\"808\" height=\"565\" src=\"https:\/\/smartsaleerp.com\/wp-content\/uploads\/2023\/01\/Inventory-Management-Solutions-Images-SmartSale.jpg\" class=\"attachment-full size-full wp-image-1785\" alt=\"\" srcset=\"https:\/\/smartsaleerp.com\/wp-content\/uploads\/2023\/01\/Inventory-Management-Solutions-Images-SmartSale.jpg 808w, https:\/\/smartsaleerp.com\/wp-content\/uploads\/2023\/01\/Inventory-Management-Solutions-Images-SmartSale-300x210.jpg 300w, https:\/\/smartsaleerp.com\/wp-content\/uploads\/2023\/01\/Inventory-Management-Solutions-Images-SmartSale-768x537.jpg 768w, https:\/\/smartsaleerp.com\/wp-content\/uploads\/2023\/01\/Inventory-Management-Solutions-Images-SmartSale-18x12.jpg 18w, https:\/\/smartsaleerp.com\/wp-content\/uploads\/2023\/01\/Inventory-Management-Solutions-Images-SmartSale-600x420.jpg 600w\" sizes=\"(max-width: 808px) 100vw, 808px\" \/>\t\t\t\t\t\t\t\t\t\t\t\t\t\t\t<\/div>\n\t\t\t\t<\/div>\n\t\t\t\t<\/div>\n\t\t\t\t\t<\/div>\n\t\t\t\t<\/div>\n\t\t<div class=\"elementor-element elementor-element-4abd15b e-flex e-con-boxed e-con e-parent\" data-id=\"4abd15b\" data-element_type=\"container\" data-e-type=\"container\" data-settings=\"{&quot;_ha_eqh_enable&quot;:false}\">\n\t\t\t\t\t<div class=\"e-con-inner\">\n\t\t<div class=\"elementor-element elementor-element-e396948 e-con-full e-flex e-con e-parent\" data-id=\"e396948\" data-element_type=\"container\" data-e-type=\"container\" data-settings=\"{&quot;_ha_eqh_enable&quot;:false}\">\n\t\t\t\t<div class=\"elementor-element elementor-element-850d019 elementor-widget elementor-widget-icon-box\" data-id=\"850d019\" data-element_type=\"widget\" data-e-type=\"widget\" data-widget_type=\"icon-box.default\">\n\t\t\t\t<div class=\"elementor-widget-container\">\n\t\t\t\t\t\t\t<div class=\"elementor-icon-box-wrapper\">\n\n\t\t\t\n\t\t\t\t\t\t<div class=\"elementor-icon-box-content\">\n\n\t\t\t\t\t\t\t\t\t<h3 class=\"elementor-icon-box-title\">\n\t\t\t\t\t\t<span  >\n\t\t\t\t\t\t\tDas Inventar ist ein sehr wichtiger und wesentlicher Bestandteil eines Einzelhandelsgesch\u00e4fts oder einer anderen Branche.\t\t\t\t\t\t<\/span>\n\t\t\t\t\t<\/h3>\n\t\t\t\t\n\t\t\t\t\t\t\t\t\t<p class=\"elementor-icon-box-description\">\n\t\t\t\t\t\tEs ist in der Tat der Motor jeder Branche, die sich mit Kauf und Verkauf befasst. Ohne zu wissen, was Sie verkaufen oder Artikel zu verkaufen haben, k\u00f6nnen Sie an Ihrem Gesch\u00e4ftssitz nicht verkaufen und kaufen. SmartSale-Inventar ist eine einfache M\u00f6glichkeit, alle Ihre Produkte und Dienstleistungen zu lagern. Vermeiden Sie Produkt\u00fcberbest\u00e4nde und -ausf\u00e4lle! Aktualisiert automatisch den Lagerbestand, verfolgt den Standort von Artikeln und Waren vom Lager bis zur Ladenfront. Bewegen Sie Ihre Waren (mit Informationen zu Preisen, Barcodes usw.) m\u00fchelos von einem Ort zum anderen, sei es zwischen Filialen oder vom Lager zum Gesch\u00e4ft. Erhalten Sie Best\u00e4nde m\u00fchelos mit einem einfachen Klick auf eine Schaltfl\u00e4che in den Lagerbestand am Remote-Standort.\t\t\t\t\t<\/p>\n\t\t\t\t\n\t\t\t<\/div>\n\t\t\t\n\t\t<\/div>\n\t\t\t\t\t\t<\/div>\n\t\t\t\t<\/div>\n\t\t\t\t<div class=\"elementor-element elementor-element-63e0fb6 elementor-mobile-align-justify elementor-widget-mobile__width-inherit elementor-invisible elementor-widget elementor-widget-button\" data-id=\"63e0fb6\" data-element_type=\"widget\" data-e-type=\"widget\" data-settings=\"{&quot;_animation&quot;:&quot;fadeInUp&quot;}\" data-widget_type=\"button.default\">\n\t\t\t\t<div class=\"elementor-widget-container\">\n\t\t\t\t\t\t\t\t\t<div class=\"elementor-button-wrapper\">\n\t\t\t\t\t<a class=\"elementor-button elementor-button-link elementor-size-sm elementor-animation-grow\" href=\"https:\/\/smartsaleerp.com\/de\/get-started\/\">\n\t\t\t\t\t\t<span class=\"elementor-button-content-wrapper\">\n\t\t\t\t\t\t\t\t\t<span class=\"elementor-button-text\">Loslegen<\/span>\n\t\t\t\t\t<\/span>\n\t\t\t\t\t<\/a>\n\t\t\t\t<\/div>\n\t\t\t\t\t\t\t\t<\/div>\n\t\t\t\t<\/div>\n\t\t\t\t<div class=\"elementor-element elementor-element-187c3a8 elementor-mobile-align-justify elementor-widget-mobile__width-inherit animated-slow elementor-invisible elementor-widget elementor-widget-button\" data-id=\"187c3a8\" data-element_type=\"widget\" data-e-type=\"widget\" data-settings=\"{&quot;_animation&quot;:&quot;fadeInUp&quot;}\" data-widget_type=\"button.default\">\n\t\t\t\t<div class=\"elementor-widget-container\">\n\t\t\t\t\t\t\t\t\t<div class=\"elementor-button-wrapper\">\n\t\t\t\t\t<a class=\"elementor-button elementor-button-link elementor-size-sm elementor-animation-grow\" href=\"https:\/\/wa.me\/233502568698\">\n\t\t\t\t\t\t<span class=\"elementor-button-content-wrapper\">\n\t\t\t\t\t\t<span class=\"elementor-button-icon\">\n\t\t\t\t<i aria-hidden=\"true\" class=\"fab fa-whatsapp\"><\/i>\t\t\t<\/span>\n\t\t\t\t\t\t\t\t\t<span class=\"elementor-button-text\">Sprechen Sie mit einem Experten<\/span>\n\t\t\t\t\t<\/span>\n\t\t\t\t\t<\/a>\n\t\t\t\t<\/div>\n\t\t\t\t\t\t\t\t<\/div>\n\t\t\t\t<\/div>\n\t\t\t\t<\/div>\n\t\t<div class=\"elementor-element elementor-element-454be01 e-con-full e-flex e-con e-parent\" data-id=\"454be01\" data-element_type=\"container\" data-e-type=\"container\" data-settings=\"{&quot;_ha_eqh_enable&quot;:false}\">\n\t\t\t\t<div class=\"elementor-element elementor-element-ef841a5 elementor-widget__width-initial elementor-widget-laptop__width-inherit animated-slow elementor-invisible elementor-widget elementor-widget-image\" data-id=\"ef841a5\" data-element_type=\"widget\" data-e-type=\"widget\" data-settings=\"{&quot;_animation&quot;:&quot;fadeInUp&quot;}\" data-widget_type=\"image.default\">\n\t\t\t\t<div class=\"elementor-widget-container\">\n\t\t\t\t\t\t\t\t\t\t\t\t\t\t\t<img decoding=\"async\" width=\"468\" height=\"618\" src=\"https:\/\/smartsaleerp.com\/wp-content\/uploads\/2023\/01\/Inventory-Management-Features-Image-Design-SmartSale-ERP-min.png\" class=\"attachment-full size-full wp-image-2222\" alt=\"\" srcset=\"https:\/\/smartsaleerp.com\/wp-content\/uploads\/2023\/01\/Inventory-Management-Features-Image-Design-SmartSale-ERP-min.png 468w, https:\/\/smartsaleerp.com\/wp-content\/uploads\/2023\/01\/Inventory-Management-Features-Image-Design-SmartSale-ERP-min-227x300.png 227w, https:\/\/smartsaleerp.com\/wp-content\/uploads\/2023\/01\/Inventory-Management-Features-Image-Design-SmartSale-ERP-min-9x12.png 9w\" sizes=\"(max-width: 468px) 100vw, 468px\" \/>\t\t\t\t\t\t\t\t\t\t\t\t\t\t\t<\/div>\n\t\t\t\t<\/div>\n\t\t\t\t<\/div>\n\t\t\t\t\t<\/div>\n\t\t\t\t<\/div>\n\t\t\t\t<\/div>","protected":false},"excerpt":{"rendered":"<p>Inventory Management Home Inventory is a very important and vital part of a retail shop or any Industry for that matter. It is in fact the engine of any industry dealing with buying and selling. Without knowing what you sell or having items to sell, you cannot deal in selling and buying at your place [&hellip;]<\/p>\n","protected":false},"author":1,"featured_media":1785,"parent":0,"menu_order":15,"comment_status":"closed","ping_status":"closed","template":"elementor_header_footer","meta":{"footnotes":""},"class_list":["post-2148","page","type-page","status-publish","has-post-thumbnail","hentry"],"_links":{"self":[{"href":"https:\/\/smartsaleerp.com\/de\/wp-json\/wp\/v2\/pages\/2148","targetHints":{"allow":["GET"]}}],"collection":[{"href":"https:\/\/smartsaleerp.com\/de\/wp-json\/wp\/v2\/pages"}],"about":[{"href":"https:\/\/smartsaleerp.com\/de\/wp-json\/wp\/v2\/types\/page"}],"author":[{"embeddable":true,"href":"https:\/\/smartsaleerp.com\/de\/wp-json\/wp\/v2\/users\/1"}],"replies":[{"embeddable":true,"href":"https:\/\/smartsaleerp.com\/de\/wp-json\/wp\/v2\/comments?post=2148"}],"version-history":[{"count":0,"href":"https:\/\/smartsaleerp.com\/de\/wp-json\/wp\/v2\/pages\/2148\/revisions"}],"wp:featuredmedia":[{"embeddable":true,"href":"https:\/\/smartsaleerp.com\/de\/wp-json\/wp\/v2\/media\/1785"}],"wp:attachment":[{"href":"https:\/\/smartsaleerp.com\/de\/wp-json\/wp\/v2\/media?parent=2148"}],"curies":[{"name":"wp","href":"https:\/\/api.w.org\/{rel}","templated":true}]}}