
{"id":2077,"date":"2023-01-19T04:10:34","date_gmt":"2023-01-19T04:10:34","guid":{"rendered":"https:\/\/smartsaleerp.com\/?page_id=2077"},"modified":"2023-02-08T23:56:07","modified_gmt":"2023-02-08T23:56:07","slug":"get-started","status":"publish","type":"page","link":"https:\/\/smartsaleerp.com\/de\/get-started\/","title":{"rendered":"Loslegen"},"content":{"rendered":"<div data-elementor-type=\"wp-page\" data-elementor-id=\"2077\" class=\"elementor elementor-2077\" data-elementor-settings=\"{&quot;ha_cmc_init_switcher&quot;:&quot;no&quot;}\" data-elementor-post-type=\"page\">\n\t\t\t\t<div class=\"elementor-element elementor-element-08d6fac e-flex e-con-boxed e-con e-parent\" data-id=\"08d6fac\" data-element_type=\"container\" data-e-type=\"container\" data-settings=\"{&quot;background_background&quot;:&quot;classic&quot;,&quot;_ha_eqh_enable&quot;:false}\">\n\t\t\t\t\t<div class=\"e-con-inner\">\n\t\t<div class=\"elementor-element elementor-element-980b60a e-con-full e-flex e-con e-parent\" data-id=\"980b60a\" data-element_type=\"container\" data-e-type=\"container\" data-settings=\"{&quot;_ha_eqh_enable&quot;:false}\">\n\t\t\t\t<div class=\"elementor-element elementor-element-3b0b60a elementor-widget-mobile__width-inherit elementor-widget-mobile_extra__width-inherit elementor-invisible elementor-widget elementor-widget-heading\" data-id=\"3b0b60a\" data-element_type=\"widget\" data-e-type=\"widget\" data-settings=\"{&quot;_animation&quot;:&quot;fadeInLeft&quot;}\" data-widget_type=\"heading.default\">\n\t\t\t\t<div class=\"elementor-widget-container\">\n\t\t\t\t\t<h2 class=\"elementor-heading-title elementor-size-default\">Vielen Dank, dass Sie sich f\u00fcr SmartSale ERP entschieden haben<\/h2>\t\t\t\t<\/div>\n\t\t\t\t<\/div>\n\t\t\t\t<div class=\"elementor-element elementor-element-fa52738 elementor-icon-list--layout-inline elementor-widget__width-inherit elementor-mobile_extra-align-center animated-slow elementor-list-item-link-full_width elementor-invisible elementor-widget elementor-widget-icon-list\" data-id=\"fa52738\" data-element_type=\"widget\" data-e-type=\"widget\" data-settings=\"{&quot;_animation&quot;:&quot;fadeInLeft&quot;}\" data-widget_type=\"icon-list.default\">\n\t\t\t\t<div class=\"elementor-widget-container\">\n\t\t\t\t\t\t\t<ul class=\"elementor-icon-list-items elementor-inline-items\">\n\t\t\t\t\t\t\t<li class=\"elementor-icon-list-item elementor-inline-item\">\n\t\t\t\t\t\t\t\t\t\t\t<a href=\"https:\/\/smartsaleerp.com\/de\">\n\n\t\t\t\t\t\t\t\t\t\t\t<span class=\"elementor-icon-list-text\">Heim<\/span>\n\t\t\t\t\t\t\t\t\t\t\t<\/a>\n\t\t\t\t\t\t\t\t\t<\/li>\n\t\t\t\t\t\t\t\t<li class=\"elementor-icon-list-item elementor-inline-item\">\n\t\t\t\t\t\t\t\t\t\t\t<span class=\"elementor-icon-list-icon\">\n\t\t\t\t\t\t\t<i aria-hidden=\"true\" class=\"fas fa-angle-right\"><\/i>\t\t\t\t\t\t<\/span>\n\t\t\t\t\t\t\t\t\t\t<span class=\"elementor-icon-list-text\">Beginnen Sie mit SmartSale<\/span>\n\t\t\t\t\t\t\t\t\t<\/li>\n\t\t\t\t\t\t<\/ul>\n\t\t\t\t\t\t<\/div>\n\t\t\t\t<\/div>\n\t\t\t\t<\/div>\n\t\t<div class=\"elementor-element elementor-element-9b37147 e-con-full e-flex e-con e-parent\" data-id=\"9b37147\" data-element_type=\"container\" data-e-type=\"container\" data-settings=\"{&quot;_ha_eqh_enable&quot;:false}\">\n\t\t\t\t<div class=\"elementor-element elementor-element-e115a74 elementor-invisible elementor-widget elementor-widget-image\" data-id=\"e115a74\" data-element_type=\"widget\" data-e-type=\"widget\" data-settings=\"{&quot;_animation&quot;:&quot;fadeInRight&quot;}\" data-widget_type=\"image.default\">\n\t\t\t\t<div class=\"elementor-widget-container\">\n\t\t\t\t\t\t\t\t\t\t\t\t\t\t\t<img fetchpriority=\"high\" decoding=\"async\" width=\"392\" height=\"353\" src=\"https:\/\/smartsaleerp.com\/wp-content\/uploads\/2023\/01\/Get-Started-Page-SmartSale-ERP.svg\" class=\"attachment-full size-full wp-image-2079\" alt=\"\" \/>\t\t\t\t\t\t\t\t\t\t\t\t\t\t\t<\/div>\n\t\t\t\t<\/div>\n\t\t\t\t<\/div>\n\t\t\t\t\t<\/div>\n\t\t\t\t<\/div>\n\t\t<div class=\"elementor-element elementor-element-7237260 e-flex e-con-boxed e-con e-parent\" data-id=\"7237260\" data-element_type=\"container\" data-e-type=\"container\" data-settings=\"{&quot;_ha_eqh_enable&quot;:false}\">\n\t\t\t\t\t<div class=\"e-con-inner\">\n\t\t<div class=\"elementor-element elementor-element-02eeda0 e-con-full e-flex e-con e-parent\" data-id=\"02eeda0\" data-element_type=\"container\" data-e-type=\"container\" data-settings=\"{&quot;_ha_eqh_enable&quot;:false}\">\n\t\t\t\t<div class=\"elementor-element elementor-element-58b290b elementor-invisible elementor-widget elementor-widget-heading\" data-id=\"58b290b\" data-element_type=\"widget\" data-e-type=\"widget\" data-settings=\"{&quot;_animation&quot;:&quot;fadeInLeft&quot;}\" data-widget_type=\"heading.default\">\n\t\t\t\t<div class=\"elementor-widget-container\">\n\t\t\t\t\t<h2 class=\"elementor-heading-title elementor-size-default\">Download &amp; Start Your 30-day Free Trial<\/h2>\t\t\t\t<\/div>\n\t\t\t\t<\/div>\n\t\t\t\t<div class=\"elementor-element elementor-element-3143eb1 animated-slow elementor-invisible elementor-widget elementor-widget-text-editor\" data-id=\"3143eb1\" data-element_type=\"widget\" data-e-type=\"widget\" data-settings=\"{&quot;_animation&quot;:&quot;fadeInLeft&quot;}\" data-widget_type=\"text-editor.default\">\n\t\t\t\t<div class=\"elementor-widget-container\">\n\t\t\t\t\t\t\t\t\t<p>\u00dcberzeugen Sie sich selbst von der Leistungsf\u00e4higkeit unserer vollst\u00e4ndig integrierten ERP- und Omnichannel-Softwarel\u00f6sungen, fordern Sie eine kostenlose Demo an und wir zeigen Ihnen gerne, wie unsere Software-Suite Ihnen helfen kann, Ihre Einzelhandelskette auf die n\u00e4chste Stufe zu heben.<\/p>\t\t\t\t\t\t\t\t<\/div>\n\t\t\t\t<\/div>\n\t\t\t\t<div class=\"elementor-element elementor-element-adcf5e0 elementor-mobile-align-justify elementor-widget-mobile__width-inherit animated-slow elementor-invisible elementor-widget elementor-widget-button\" data-id=\"adcf5e0\" data-element_type=\"widget\" data-e-type=\"widget\" data-settings=\"{&quot;_animation&quot;:&quot;fadeInLeft&quot;,&quot;_animation_delay&quot;:200}\" data-widget_type=\"button.default\">\n\t\t\t\t<div class=\"elementor-widget-container\">\n\t\t\t\t\t\t\t\t\t<div class=\"elementor-button-wrapper\">\n\t\t\t\t\t<a class=\"elementor-button elementor-button-link elementor-size-sm elementor-animation-grow\" href=\"https:\/\/smartsaleerp.com\/de\/pricing\/\">\n\t\t\t\t\t\t<span class=\"elementor-button-content-wrapper\">\n\t\t\t\t\t\t\t\t\t<span class=\"elementor-button-text\">Jetzt downloaden<\/span>\n\t\t\t\t\t<\/span>\n\t\t\t\t\t<\/a>\n\t\t\t\t<\/div>\n\t\t\t\t\t\t\t\t<\/div>\n\t\t\t\t<\/div>\n\t\t\t\t<\/div>\n\t\t<div class=\"elementor-element elementor-element-e2061e7 e-con-full e-flex e-con e-parent\" data-id=\"e2061e7\" data-element_type=\"container\" data-e-type=\"container\" data-settings=\"{&quot;_ha_eqh_enable&quot;:false}\">\n\t\t\t\t<div class=\"elementor-element elementor-element-a5a9d55 elementor-widget__width-initial elementor-widget-laptop__width-inherit animated-slow elementor-invisible elementor-widget elementor-widget-image\" data-id=\"a5a9d55\" data-element_type=\"widget\" data-e-type=\"widget\" data-settings=\"{&quot;_animation&quot;:&quot;fadeIn&quot;,&quot;_animation_delay&quot;:200}\" data-widget_type=\"image.default\">\n\t\t\t\t<div class=\"elementor-widget-container\">\n\t\t\t\t\t\t\t\t\t\t\t\t\t\t\t<img decoding=\"async\" width=\"535\" height=\"570\" src=\"https:\/\/smartsaleerp.com\/wp-content\/uploads\/2023\/01\/SmartSale-How-To-Get-Started.jpg\" class=\"attachment-full size-full wp-image-2115\" alt=\"\" srcset=\"https:\/\/smartsaleerp.com\/wp-content\/uploads\/2023\/01\/SmartSale-How-To-Get-Started.jpg 535w, https:\/\/smartsaleerp.com\/wp-content\/uploads\/2023\/01\/SmartSale-How-To-Get-Started-282x300.jpg 282w, https:\/\/smartsaleerp.com\/wp-content\/uploads\/2023\/01\/SmartSale-How-To-Get-Started-11x12.jpg 11w\" sizes=\"(max-width: 535px) 100vw, 535px\" \/>\t\t\t\t\t\t\t\t\t\t\t\t\t\t\t<\/div>\n\t\t\t\t<\/div>\n\t\t\t\t<\/div>\n\t\t\t\t\t<\/div>\n\t\t\t\t<\/div>\n\t\t<div class=\"elementor-element elementor-element-14a2e90 e-flex e-con-boxed e-con e-parent\" data-id=\"14a2e90\" data-element_type=\"container\" data-e-type=\"container\" data-settings=\"{&quot;background_background&quot;:&quot;classic&quot;,&quot;_ha_eqh_enable&quot;:false}\">\n\t\t\t\t\t<div class=\"e-con-inner\">\n\t\t\t\t<div class=\"elementor-element elementor-element-16ef1f7 elementor-widget__width-initial elementor-widget-tablet__width-initial elementor-widget-mobile_extra__width-initial elementor-widget-mobile__width-inherit elementor-invisible elementor-widget elementor-widget-icon-box\" data-id=\"16ef1f7\" data-element_type=\"widget\" data-e-type=\"widget\" data-settings=\"{&quot;_animation&quot;:&quot;fadeInLeft&quot;}\" data-widget_type=\"icon-box.default\">\n\t\t\t\t<div class=\"elementor-widget-container\">\n\t\t\t\t\t\t\t<div class=\"elementor-icon-box-wrapper\">\n\n\t\t\t\n\t\t\t\t\t\t<div class=\"elementor-icon-box-content\">\n\n\t\t\t\t\t\t\t\t\t<h3 class=\"elementor-icon-box-title\">\n\t\t\t\t\t\t<span  >\n\t\t\t\t\t\t\tMehrere Einrichtungsoptionen\t\t\t\t\t\t<\/span>\n\t\t\t\t\t<\/h3>\n\t\t\t\t\n\t\t\t\t\t\t\t\t\t<p class=\"elementor-icon-box-description\">\n\t\t\t\t\t\tRichten Sie es selbst ein, arbeiten Sie mit unserem Team zusammen oder w\u00e4hlen Sie einen SmartSale-zertifizierten Experten aus, um vom ersten Tag an das Beste aus SmartSale herauszuholen.\t\t\t\t\t<\/p>\n\t\t\t\t\n\t\t\t<\/div>\n\t\t\t\n\t\t<\/div>\n\t\t\t\t\t\t<\/div>\n\t\t\t\t<\/div>\n\t\t<div class=\"elementor-element elementor-element-2b46f11 e-flex e-con-boxed e-con e-parent\" data-id=\"2b46f11\" data-element_type=\"container\" data-e-type=\"container\" data-settings=\"{&quot;_ha_eqh_enable&quot;:false}\">\n\t\t\t\t\t<div class=\"e-con-inner\">\n\t\t<div class=\"elementor-element elementor-element-20787c3 e-flex e-con-boxed elementor-invisible e-con e-parent\" data-id=\"20787c3\" data-element_type=\"container\" data-e-type=\"container\" data-settings=\"{&quot;background_background&quot;:&quot;classic&quot;,&quot;animation&quot;:&quot;fadeInUp&quot;,&quot;_ha_eqh_enable&quot;:false}\">\n\t\t\t\t\t<div class=\"e-con-inner\">\n\t\t\t\t<div class=\"elementor-element elementor-element-474541f elementor-widget elementor-widget-image\" data-id=\"474541f\" data-element_type=\"widget\" data-e-type=\"widget\" data-widget_type=\"image.default\">\n\t\t\t\t<div class=\"elementor-widget-container\">\n\t\t\t\t\t\t\t\t\t\t\t\t\t\t\t<img decoding=\"async\" width=\"335\" height=\"212\" src=\"https:\/\/smartsaleerp.com\/wp-content\/uploads\/2023\/01\/Do-It-Yourself-Illustration-SMARTSALE-ERP.svg\" class=\"attachment-full size-full wp-image-2092\" alt=\"\" \/>\t\t\t\t\t\t\t\t\t\t\t\t\t\t\t<\/div>\n\t\t\t\t<\/div>\n\t\t\t\t<div class=\"elementor-element elementor-element-64a2020 elementor-widget elementor-widget-heading\" data-id=\"64a2020\" data-element_type=\"widget\" data-e-type=\"widget\" data-widget_type=\"heading.default\">\n\t\t\t\t<div class=\"elementor-widget-container\">\n\t\t\t\t\t<h2 class=\"elementor-heading-title elementor-size-default\">Mach es selbst<\/h2>\t\t\t\t<\/div>\n\t\t\t\t<\/div>\n\t\t\t\t<div class=\"elementor-element elementor-element-d36f171 elementor-widget elementor-widget-text-editor\" data-id=\"d36f171\" data-element_type=\"widget\" data-e-type=\"widget\" data-widget_type=\"text-editor.default\">\n\t\t\t\t<div class=\"elementor-widget-container\">\n\t\t\t\t\t\t\t\t\t<p>Lesen, downloaden und installieren Sie die Software selbst. Folgen Sie dem Prozess und profitieren Sie von SmartSale ERP.<\/p>\t\t\t\t\t\t\t\t<\/div>\n\t\t\t\t<\/div>\n\t\t\t\t<div class=\"elementor-element elementor-element-af794ab elementor-mobile-align-justify elementor-widget-mobile__width-inherit elementor-align-center elementor-invisible elementor-widget elementor-widget-button\" data-id=\"af794ab\" data-element_type=\"widget\" data-e-type=\"widget\" data-settings=\"{&quot;_animation&quot;:&quot;fadeInUp&quot;}\" data-widget_type=\"button.default\">\n\t\t\t\t<div class=\"elementor-widget-container\">\n\t\t\t\t\t\t\t\t\t<div class=\"elementor-button-wrapper\">\n\t\t\t\t\t<a class=\"elementor-button elementor-button-link elementor-size-sm elementor-animation-grow\" href=\"https:\/\/smartsaleerp.com\/de\/helpdesk\/\">\n\t\t\t\t\t\t<span class=\"elementor-button-content-wrapper\">\n\t\t\t\t\t\t\t\t\t<span class=\"elementor-button-text\">Weiterlesen<\/span>\n\t\t\t\t\t<\/span>\n\t\t\t\t\t<\/a>\n\t\t\t\t<\/div>\n\t\t\t\t\t\t\t\t<\/div>\n\t\t\t\t<\/div>\n\t\t\t\t\t<\/div>\n\t\t\t\t<\/div>\n\t\t<div class=\"elementor-element elementor-element-4d23e05 e-flex e-con-boxed elementor-invisible e-con e-parent\" data-id=\"4d23e05\" data-element_type=\"container\" data-e-type=\"container\" data-settings=\"{&quot;background_background&quot;:&quot;classic&quot;,&quot;animation&quot;:&quot;fadeInUp&quot;,&quot;_ha_eqh_enable&quot;:false}\">\n\t\t\t\t\t<div class=\"e-con-inner\">\n\t\t\t\t<div class=\"elementor-element elementor-element-5110b0b elementor-widget elementor-widget-image\" data-id=\"5110b0b\" data-element_type=\"widget\" data-e-type=\"widget\" data-widget_type=\"image.default\">\n\t\t\t\t<div class=\"elementor-widget-container\">\n\t\t\t\t\t\t\t\t\t\t\t\t\t\t\t<img loading=\"lazy\" decoding=\"async\" width=\"315\" height=\"207\" src=\"https:\/\/smartsaleerp.com\/wp-content\/uploads\/2023\/01\/Get-help-SmartSale-ERP.svg\" class=\"attachment-full size-full wp-image-2095\" alt=\"\" \/>\t\t\t\t\t\t\t\t\t\t\t\t\t\t\t<\/div>\n\t\t\t\t<\/div>\n\t\t\t\t<div class=\"elementor-element elementor-element-dc813c6 elementor-widget elementor-widget-heading\" data-id=\"dc813c6\" data-element_type=\"widget\" data-e-type=\"widget\" data-widget_type=\"heading.default\">\n\t\t\t\t<div class=\"elementor-widget-container\">\n\t\t\t\t\t<h2 class=\"elementor-heading-title elementor-size-default\">Hilfe bekommen<\/h2>\t\t\t\t<\/div>\n\t\t\t\t<\/div>\n\t\t\t\t<div class=\"elementor-element elementor-element-786b873 elementor-widget elementor-widget-text-editor\" data-id=\"786b873\" data-element_type=\"widget\" data-e-type=\"widget\" data-widget_type=\"text-editor.default\">\n\t\t\t\t<div class=\"elementor-widget-container\">\n\t\t\t\t\t\t\t\t\t<p>Fordern Sie Hilfe vom technischen Support-Team von SmartSale an, um Sie entweder zu f\u00fchren oder f\u00fcr Sie einzurichten.<\/p>\t\t\t\t\t\t\t\t<\/div>\n\t\t\t\t<\/div>\n\t\t\t\t<div class=\"elementor-element elementor-element-6a97f25 elementor-mobile-align-justify elementor-widget-mobile__width-inherit elementor-align-center elementor-invisible elementor-widget elementor-widget-button\" data-id=\"6a97f25\" data-element_type=\"widget\" data-e-type=\"widget\" data-settings=\"{&quot;_animation&quot;:&quot;fadeInUp&quot;}\" data-widget_type=\"button.default\">\n\t\t\t\t<div class=\"elementor-widget-container\">\n\t\t\t\t\t\t\t\t\t<div class=\"elementor-button-wrapper\">\n\t\t\t\t\t<a class=\"elementor-button elementor-button-link elementor-size-sm elementor-animation-grow\" href=\"https:\/\/smartsaleerp.com\/de\/contact-sales\/\">\n\t\t\t\t\t\t<span class=\"elementor-button-content-wrapper\">\n\t\t\t\t\t\t\t\t\t<span class=\"elementor-button-text\">Weiterlesen<\/span>\n\t\t\t\t\t<\/span>\n\t\t\t\t\t<\/a>\n\t\t\t\t<\/div>\n\t\t\t\t\t\t\t\t<\/div>\n\t\t\t\t<\/div>\n\t\t\t\t\t<\/div>\n\t\t\t\t<\/div>\n\t\t<div class=\"elementor-element elementor-element-1923b5e e-flex e-con-boxed elementor-invisible e-con e-parent\" data-id=\"1923b5e\" data-element_type=\"container\" data-e-type=\"container\" data-settings=\"{&quot;background_background&quot;:&quot;classic&quot;,&quot;animation&quot;:&quot;fadeInUp&quot;,&quot;_ha_eqh_enable&quot;:false}\">\n\t\t\t\t\t<div class=\"e-con-inner\">\n\t\t\t\t<div class=\"elementor-element elementor-element-f564363 elementor-widget elementor-widget-image\" data-id=\"f564363\" data-element_type=\"widget\" data-e-type=\"widget\" data-widget_type=\"image.default\">\n\t\t\t\t<div class=\"elementor-widget-container\">\n\t\t\t\t\t\t\t\t\t\t\t\t\t\t\t<img loading=\"lazy\" decoding=\"async\" width=\"228\" height=\"231\" src=\"https:\/\/smartsaleerp.com\/wp-content\/uploads\/2023\/01\/Buy-A-License-SmartSale-ERP.svg\" class=\"attachment-full size-full wp-image-2102\" alt=\"\" \/>\t\t\t\t\t\t\t\t\t\t\t\t\t\t\t<\/div>\n\t\t\t\t<\/div>\n\t\t\t\t<div class=\"elementor-element elementor-element-f130f43 elementor-widget elementor-widget-heading\" data-id=\"f130f43\" data-element_type=\"widget\" data-e-type=\"widget\" data-widget_type=\"heading.default\">\n\t\t\t\t<div class=\"elementor-widget-container\">\n\t\t\t\t\t<h2 class=\"elementor-heading-title elementor-size-default\">Kaufen Sie eine Lizenz<\/h2>\t\t\t\t<\/div>\n\t\t\t\t<\/div>\n\t\t\t\t<div class=\"elementor-element elementor-element-d5d1383 elementor-widget elementor-widget-text-editor\" data-id=\"d5d1383\" data-element_type=\"widget\" data-e-type=\"widget\" data-widget_type=\"text-editor.default\">\n\t\t\t\t<div class=\"elementor-widget-container\">\n\t\t\t\t\t\t\t\t\t<p>Fordern Sie eine kostenlose Demo an und wir zeigen Ihnen gerne, wie SmartSale ERP dazu beitragen kann, Ihre Einzelhandelskette auf die n\u00e4chste Stufe zu heben.<\/p>\t\t\t\t\t\t\t\t<\/div>\n\t\t\t\t<\/div>\n\t\t\t\t<div class=\"elementor-element elementor-element-06f6f51 elementor-mobile-align-justify elementor-widget-mobile__width-inherit elementor-align-center elementor-invisible elementor-widget elementor-widget-button\" data-id=\"06f6f51\" data-element_type=\"widget\" data-e-type=\"widget\" data-settings=\"{&quot;_animation&quot;:&quot;fadeInUp&quot;}\" data-widget_type=\"button.default\">\n\t\t\t\t<div class=\"elementor-widget-container\">\n\t\t\t\t\t\t\t\t\t<div class=\"elementor-button-wrapper\">\n\t\t\t\t\t<a class=\"elementor-button elementor-button-link elementor-size-sm elementor-animation-grow\" href=\"https:\/\/smartsaleerp.com\/de\/pricing\/\">\n\t\t\t\t\t\t<span class=\"elementor-button-content-wrapper\">\n\t\t\t\t\t\t\t\t\t<span class=\"elementor-button-text\">Jetzt bestellen<\/span>\n\t\t\t\t\t<\/span>\n\t\t\t\t\t<\/a>\n\t\t\t\t<\/div>\n\t\t\t\t\t\t\t\t<\/div>\n\t\t\t\t<\/div>\n\t\t\t\t\t<\/div>\n\t\t\t\t<\/div>\n\t\t\t\t\t<\/div>\n\t\t\t\t<\/div>\n\t\t\t\t\t<\/div>\n\t\t\t\t<\/div>\n\t\t<div class=\"elementor-element elementor-element-a58d204 e-flex e-con-boxed e-con e-parent\" data-id=\"a58d204\" data-element_type=\"container\" data-e-type=\"container\" data-settings=\"{&quot;background_background&quot;:&quot;classic&quot;,&quot;_ha_eqh_enable&quot;:false}\">\n\t\t\t\t\t<div class=\"e-con-inner\">\n\t\t\t\t<div class=\"elementor-element elementor-element-635dedd elementor-widget__width-inherit elementor-widget-tablet__width-initial elementor-widget-mobile__width-inherit elementor-widget-laptop__width-initial elementor-invisible elementor-widget elementor-widget-heading\" data-id=\"635dedd\" data-element_type=\"widget\" data-e-type=\"widget\" data-settings=\"{&quot;_animation&quot;:&quot;fadeInUp&quot;}\" data-widget_type=\"heading.default\">\n\t\t\t\t<div class=\"elementor-widget-container\">\n\t\t\t\t\t<h2 class=\"elementor-heading-title elementor-size-default\">Ben\u00f6tigen Sie etwas Ma\u00dfgeschneidertes?<\/h2>\t\t\t\t<\/div>\n\t\t\t\t<\/div>\n\t\t\t\t<div class=\"elementor-element elementor-element-98628f7 elementor-mobile-align-justify elementor-widget-mobile__width-inherit elementor-widget__width-auto elementor-invisible elementor-widget elementor-widget-button\" data-id=\"98628f7\" data-element_type=\"widget\" data-e-type=\"widget\" data-settings=\"{&quot;_animation&quot;:&quot;fadeInUp&quot;}\" data-widget_type=\"button.default\">\n\t\t\t\t<div class=\"elementor-widget-container\">\n\t\t\t\t\t\t\t\t\t<div class=\"elementor-button-wrapper\">\n\t\t\t\t\t<a class=\"elementor-button elementor-button-link elementor-size-sm elementor-animation-grow\" href=\"https:\/\/smartsaleerp.com\/de\/request-a-free-consultation\/\">\n\t\t\t\t\t\t<span class=\"elementor-button-content-wrapper\">\n\t\t\t\t\t\t\t\t\t<span class=\"elementor-button-text\">Buchen Sie eine Beratung<\/span>\n\t\t\t\t\t<\/span>\n\t\t\t\t\t<\/a>\n\t\t\t\t<\/div>\n\t\t\t\t\t\t\t\t<\/div>\n\t\t\t\t<\/div>\n\t\t\t\t<div class=\"elementor-element elementor-element-2957e26 elementor-mobile-align-justify elementor-widget-mobile__width-inherit animated-slow elementor-invisible elementor-widget elementor-widget-button\" data-id=\"2957e26\" data-element_type=\"widget\" data-e-type=\"widget\" data-settings=\"{&quot;_animation&quot;:&quot;fadeInUp&quot;}\" data-widget_type=\"button.default\">\n\t\t\t\t<div class=\"elementor-widget-container\">\n\t\t\t\t\t\t\t\t\t<div class=\"elementor-button-wrapper\">\n\t\t\t\t\t<a class=\"elementor-button elementor-button-link elementor-size-sm elementor-animation-grow\" href=\"https:\/\/wa.me\/233502568698\">\n\t\t\t\t\t\t<span class=\"elementor-button-content-wrapper\">\n\t\t\t\t\t\t<span class=\"elementor-button-icon\">\n\t\t\t\t<i aria-hidden=\"true\" class=\"fab fa-whatsapp\"><\/i>\t\t\t<\/span>\n\t\t\t\t\t\t\t\t\t<span class=\"elementor-button-text\">Sprechen Sie mit einem Experten<\/span>\n\t\t\t\t\t<\/span>\n\t\t\t\t\t<\/a>\n\t\t\t\t<\/div>\n\t\t\t\t\t\t\t\t<\/div>\n\t\t\t\t<\/div>\n\t\t\t\t<div class=\"elementor-element elementor-element-d551d08 elementor-widget-tablet__width-initial elementor-widget-mobile__width-inherit elementor-widget elementor-widget-heading\" data-id=\"d551d08\" data-element_type=\"widget\" data-e-type=\"widget\" data-widget_type=\"heading.default\">\n\t\t\t\t<div class=\"elementor-widget-container\">\n\t\t\t\t\t<h2 class=\"elementor-heading-title elementor-size-default\">Oder rufen Sie uns gleich an<\/h2>\t\t\t\t<\/div>\n\t\t\t\t<\/div>\n\t\t\t\t<div class=\"elementor-element elementor-element-dd5485a elementor-mobile-align-center elementor-widget-tablet__width-initial elementor-widget-mobile__width-inherit elementor-icon-list--layout-traditional elementor-list-item-link-full_width elementor-widget elementor-widget-icon-list\" data-id=\"dd5485a\" data-element_type=\"widget\" data-e-type=\"widget\" data-widget_type=\"icon-list.default\">\n\t\t\t\t<div class=\"elementor-widget-container\">\n\t\t\t\t\t\t\t<ul class=\"elementor-icon-list-items\">\n\t\t\t\t\t\t\t<li class=\"elementor-icon-list-item\">\n\t\t\t\t\t\t\t\t\t\t\t<a href=\"tel:233502568698\">\n\n\t\t\t\t\t\t\t\t\t\t\t\t<span class=\"elementor-icon-list-icon\">\n\t\t\t\t\t\t\t<svg xmlns=\"http:\/\/www.w3.org\/2000\/svg\" xmlns:xlink=\"http:\/\/www.w3.org\/1999\/xlink\" xmlns:svgjs=\"http:\/\/svgjs.com\/svgjs\" width=\"512\" height=\"512\" x=\"0\" y=\"0\" viewbox=\"0 0 473.806 473.806\" style=\"enable-background:new 0 0 512 512\" xml:space=\"preserve\" class=\"\"><g><g>\t<g>\t\t<path d=\"M374.456,293.506c-9.7-10.1-21.4-15.5-33.8-15.5c-12.3,0-24.1,5.3-34.2,15.4l-31.6,31.5c-2.6-1.4-5.2-2.7-7.7-4   c-3.6-1.8-7-3.5-9.9-5.3c-29.6-18.8-56.5-43.3-82.3-75c-12.5-15.8-20.9-29.1-27-42.6c8.2-7.5,15.8-15.3,23.2-22.8   c2.8-2.8,5.6-5.7,8.4-8.5c21-21,21-48.2,0-69.2l-27.3-27.3c-3.1-3.1-6.3-6.3-9.3-9.5c-6-6.2-12.3-12.6-18.8-18.6   c-9.7-9.6-21.3-14.7-33.5-14.7s-24,5.1-34,14.7c-0.1,0.1-0.1,0.1-0.2,0.2l-34,34.3c-12.8,12.8-20.1,28.4-21.7,46.5   c-2.4,29.2,6.2,56.4,12.8,74.2c16.2,43.7,40.4,84.2,76.5,127.6c43.8,52.3,96.5,93.6,156.7,122.7c23,10.9,53.7,23.8,88,26   c2.1,0.1,4.3,0.2,6.3,0.2c23.1,0,42.5-8.3,57.7-24.8c0.1-0.2,0.3-0.3,0.4-0.5c5.2-6.3,11.2-12,17.5-18.1c4.3-4.1,8.7-8.4,13-12.9   c9.9-10.3,15.1-22.3,15.1-34.6c0-12.4-5.3-24.3-15.4-34.3L374.456,293.506z M410.256,398.806   C410.156,398.806,410.156,398.906,410.256,398.806c-3.9,4.2-7.9,8-12.2,12.2c-6.5,6.2-13.1,12.7-19.3,20   c-10.1,10.8-22,15.9-37.6,15.9c-1.5,0-3.1,0-4.6-0.1c-29.7-1.9-57.3-13.5-78-23.4c-56.6-27.4-106.3-66.3-147.6-115.6   c-34.1-41.1-56.9-79.1-72-119.9c-9.3-24.9-12.7-44.3-11.2-62.6c1-11.7,5.5-21.4,13.8-29.7l34.1-34.1c4.9-4.6,10.1-7.1,15.2-7.1   c6.3,0,11.4,3.8,14.6,7c0.1,0.1,0.2,0.2,0.3,0.3c6.1,5.7,11.9,11.6,18,17.9c3.1,3.2,6.3,6.4,9.5,9.7l27.3,27.3   c10.6,10.6,10.6,20.4,0,31c-2.9,2.9-5.7,5.8-8.6,8.6c-8.4,8.6-16.4,16.6-25.1,24.4c-0.2,0.2-0.4,0.3-0.5,0.5   c-8.6,8.6-7,17-5.2,22.7c0.1,0.3,0.2,0.6,0.3,0.9c7.1,17.2,17.1,33.4,32.3,52.7l0.1,0.1c27.6,34,56.7,60.5,88.8,80.8   c4.1,2.6,8.3,4.7,12.3,6.7c3.6,1.8,7,3.5,9.9,5.3c0.4,0.2,0.8,0.5,1.2,0.7c3.4,1.7,6.6,2.5,9.9,2.5c8.3,0,13.5-5.2,15.2-6.9   l34.2-34.2c3.4-3.4,8.8-7.5,15.1-7.5c6.2,0,11.3,3.9,14.4,7.3c0.1,0.1,0.1,0.1,0.2,0.2l55.1,55.1   C420.456,377.706,420.456,388.206,410.256,398.806z\" fill=\"#000000\" data-original=\"#000000\" class=\"\"><\/path>\t\t<path d=\"M256.056,112.706c26.2,4.4,50,16.8,69,35.8s31.3,42.8,35.8,69c1.1,6.6,6.8,11.2,13.3,11.2c0.8,0,1.5-0.1,2.3-0.2   c7.4-1.2,12.3-8.2,11.1-15.6c-5.4-31.7-20.4-60.6-43.3-83.5s-51.8-37.9-83.5-43.3c-7.4-1.2-14.3,3.7-15.6,11   S248.656,111.506,256.056,112.706z\" fill=\"#000000\" data-original=\"#000000\" class=\"\"><\/path>\t\t<path d=\"M473.256,209.006c-8.9-52.2-33.5-99.7-71.3-137.5s-85.3-62.4-137.5-71.3c-7.3-1.3-14.2,3.7-15.5,11   c-1.2,7.4,3.7,14.3,11.1,15.6c46.6,7.9,89.1,30,122.9,63.7c33.8,33.8,55.8,76.3,63.7,122.9c1.1,6.6,6.8,11.2,13.3,11.2   c0.8,0,1.5-0.1,2.3-0.2C469.556,223.306,474.556,216.306,473.256,209.006z\" fill=\"#000000\" data-original=\"#000000\" class=\"\"><\/path>\t<\/g><\/g><g><\/g><g><\/g><g><\/g><g><\/g><g><\/g><g><\/g><g><\/g><g><\/g><g><\/g><g><\/g><g><\/g><g><\/g><g><\/g><g><\/g><g><\/g><\/g><\/svg>\t\t\t\t\t\t<\/span>\n\t\t\t\t\t\t\t\t\t\t<span class=\"elementor-icon-list-text\">+233 (0) 50-256-8698<\/span>\n\t\t\t\t\t\t\t\t\t\t\t<\/a>\n\t\t\t\t\t\t\t\t\t<\/li>\n\t\t\t\t\t\t<\/ul>\n\t\t\t\t\t\t<\/div>\n\t\t\t\t<\/div>\n\t\t\t\t\t<\/div>\n\t\t\t\t<\/div>\n\t\t\t\t<\/div>","protected":false},"excerpt":{"rendered":"<p>Thank you for choosing SmartSale ERP Home Get Started With SmartSale Download &amp; Start Your 30-day Free Trial Discover the power of our fully-integrated ERP and omni-channel software solutions for yourself, request a free demo and we will be glad to show you how our software suite can help take your retail chain to the [&hellip;]<\/p>\n","protected":false},"author":1,"featured_media":2079,"parent":0,"menu_order":13,"comment_status":"closed","ping_status":"closed","template":"elementor_header_footer","meta":{"footnotes":""},"class_list":["post-2077","page","type-page","status-publish","has-post-thumbnail","hentry"],"_links":{"self":[{"href":"https:\/\/smartsaleerp.com\/de\/wp-json\/wp\/v2\/pages\/2077","targetHints":{"allow":["GET"]}}],"collection":[{"href":"https:\/\/smartsaleerp.com\/de\/wp-json\/wp\/v2\/pages"}],"about":[{"href":"https:\/\/smartsaleerp.com\/de\/wp-json\/wp\/v2\/types\/page"}],"author":[{"embeddable":true,"href":"https:\/\/smartsaleerp.com\/de\/wp-json\/wp\/v2\/users\/1"}],"replies":[{"embeddable":true,"href":"https:\/\/smartsaleerp.com\/de\/wp-json\/wp\/v2\/comments?post=2077"}],"version-history":[{"count":0,"href":"https:\/\/smartsaleerp.com\/de\/wp-json\/wp\/v2\/pages\/2077\/revisions"}],"wp:featuredmedia":[{"embeddable":true,"href":"https:\/\/smartsaleerp.com\/de\/wp-json\/wp\/v2\/media\/2079"}],"wp:attachment":[{"href":"https:\/\/smartsaleerp.com\/de\/wp-json\/wp\/v2\/media?parent=2077"}],"curies":[{"name":"wp","href":"https:\/\/api.w.org\/{rel}","templated":true}]}}